{"id":822,"date":"2014-02-11T14:39:35","date_gmt":"2014-02-11T13:39:35","guid":{"rendered":"http:\/\/wettbewerbsvorteile.com\/weblog\/?page_id=822"},"modified":"2026-04-01T11:20:40","modified_gmt":"2026-04-01T09:20:40","slug":"beratung","status":"publish","type":"page","link":"https:\/\/wettbewerbsvorteile.com\/weblog\/beratung\/","title":{"rendered":"Future Essentials"},"content":{"rendered":"\n<p style=\"font-size:16px\">Meine KMU Future Essentials Beratung<\/p>\n\n\n\n<h2 class=\"wp-block-heading has-blue-color has-text-color has-link-color has-medium-font-size wp-elements-2267b05214193bf2f609a7ae39f21ea5\"><strong>Unternehmensentwicklung mit Wettbewerbsvorteilen<\/strong><\/h2>\n\n\n\n<h3 class=\"wp-block-heading\" style=\"font-size:16px\"><strong>Strategisch wachsen. Klar f\u00fchren. Wettbewerbsvorteile sichern.<\/strong><\/h3>\n\n\n\n<p style=\"font-size:16px\">Erfolgreiche Unternehmensentwicklung beginnt mit Klarheit, Fokus und den richtigen Entscheidungen. Im <strong>Coaching zur Unternehmensentwicklung<\/strong> begleite ich Unternehmer, Unternehmensnachfolger und Teams dabei, ihr Unternehmen mit Wettbewerbsvorteilen zukunftssicher, profitabel und wettbewerbsstark auszurichten.<\/p>\n\n\n\n<p class=\"has-blue-color has-text-color has-link-color has-medium-font-size wp-elements-4e183695fe427f2af8fc393ae5cb3456\"><strong>360-Grad-Beratung: ganzheitlich \u2013 nachhaltig \u2013 zielorientiert<\/strong><\/p>\n\n\n\n<p style=\"font-size:16px\">Hier auf meinem Blog findest du bereits erste, fundierte Impulse, praxisnahe Methoden und bew\u00e4hrte Strategien zu Themen wie <strong>Unternehmensstrategie, F\u00fchrungskr\u00e4fteentwicklung, Organisationsentwicklung, Change-Management, M&amp;A und nachhaltigem KMU-Wachstum<\/strong>. Mein Ziel ist es, ganzheitliche St\u00e4rken gezielt aufzubauen, Potenziale zu aktivieren, nachhaltiges Handeln zu implementieren und langfristige <strong>Wettbewerbsvorteile<\/strong> zu schaffen.<\/p>\n\n\n\n<p style=\"font-size:16px\">Meine Beratung und Coaching verbindet <strong>strategisches Denken, unternehmerische Erfahrung und pers\u00f6nliche Entwicklung<\/strong>. Statt kurzfristiger L\u00f6sungen setze ich auf eine 360-Grad-Beratung mit messbaren Ergebnissen, klarer Positionierung und wirksamer Umsetzung im KMU-Unternehmensalltag.<\/p>\n\n\n<div class=\"wp-block-image is-style-default\">\n<figure class=\"aligncenter\"><img loading=\"lazy\" decoding=\"async\" width=\"342\" height=\"228\" src=\"http:\/\/wettbewerbsvorteile.com\/weblog\/wp-content\/uploads\/Rolf_Popp_342x228.jpg\" alt=\"\" class=\"wp-image-1186\" style=\"object-fit:cover\" srcset=\"https:\/\/wettbewerbsvorteile.com\/weblog\/wp-content\/uploads\/Rolf_Popp_342x228.jpg 342w, https:\/\/wettbewerbsvorteile.com\/weblog\/wp-content\/uploads\/Rolf_Popp_342x228-300x200.jpg 300w\" sizes=\"auto, (max-width: 342px) 100vw, 342px\" \/><\/figure>\n<\/div>\n\n\n<p class=\"has-text-align-center\">KMU-Future-Experte Dipl.-Wirtsch. Ing. (FH) Rolf Popp<\/p>\n\n\n\n<p class=\"has-blue-color has-text-color has-link-color has-medium-font-size wp-elements-16a30f1348503b98832e7619fc6d870f\"><strong>F\u00fcr wen ist meine \u201eFuture-Essentials-Beratung\u201c geeignet?<\/strong><\/p>\n\n\n\n<ul class=\"wp-block-list\">\n<li style=\"font-size:16px\">Unternehmer (m\/w\/d), die sich einen kompetenten Sparringspartner w\u00fcnschen<\/li>\n\n\n\n<li style=\"font-size:16px\">KMU-Unternehmen in Wachstums-, Ver\u00e4nderungs- oder Nachfolgephasen<\/li>\n\n\n\n<li style=\"font-size:16px\">Jungunternehmer (m\/w\/d), die familienintern die Unternehmensnachfolge starten<\/li>\n<\/ul>\n\n\n\n<p style=\"font-size:16px\">Entdecke, wie professionelles Coaching deine Unternehmensentwicklung beschleunigt, Entscheidungsprozesse st\u00e4rkt und nachhaltigen Erfolg erm\u00f6glicht.<\/p>\n\n\n\n<div style=\"height:63px\" aria-hidden=\"true\" class=\"wp-block-spacer\"><\/div>\n\n\n\n<p class=\"has-blue-color has-text-color has-link-color has-medium-font-size wp-elements-55f63791edfeb3a9c0dd026a493493be\"><strong>Wichtige Themen der KMU-Unternehmensentwicklung<\/strong><\/p>\n\n\n\n<p class=\"has-medium-font-size\"><strong>1. Strategie &amp; Positionierung<\/strong><\/p>\n\n\n\n<ul class=\"wp-block-list\">\n<li style=\"font-size:16px\">Unternehmensvision und -ziele<\/li>\n\n\n\n<li style=\"font-size:16px\">Wettbewerbsstrategie &amp; Differenzierung<\/li>\n\n\n\n<li style=\"font-size:16px\">Kundennutzen und Alleinstellungsmerkmale (USP)<\/li>\n\n\n\n<li style=\"font-size:16px\">Markt- und Wettbewerbsanalysen<\/li>\n\n\n\n<li style=\"font-size:16px\">Gesch\u00e4ftsmodell-Entwicklung<\/li>\n<\/ul>\n\n\n\n<p style=\"font-size:16px\">&#x1f449; <strong>Wettbewerbsvorteile<\/strong>: <strong>Klare Ausrichtung und nachhaltige Ziele<\/strong><\/p>\n\n\n\n<hr class=\"wp-block-separator has-alpha-channel-opacity\"\/>\n\n\n\n<h3 class=\"wp-block-heading has-medium-font-size\"><strong>2. F\u00fchrung &amp; Management<\/strong><\/h3>\n\n\n\n<ul class=\"wp-block-list\">\n<li style=\"font-size:16px\">F\u00fchrungskr\u00e4fteentwicklung<\/li>\n\n\n\n<li style=\"font-size:16px\">F\u00fchrungsstil und F\u00fchrungskultur<\/li>\n\n\n\n<li style=\"font-size:16px\">Entscheidungsprozesse<\/li>\n\n\n\n<li style=\"font-size:16px\">Selbstf\u00fchrung und Resilienz<\/li>\n\n\n\n<li style=\"font-size:16px\">Verantwortung und Rollenkl\u00e4rung<\/li>\n<\/ul>\n\n\n\n<p style=\"font-size:16px\">&#x1f449; <strong>Wettbewerbsvorteile<\/strong>: <strong>Wirksame F\u00fchrung und Orientierung im Unternehmen<\/strong><\/p>\n\n\n\n<hr class=\"wp-block-separator has-alpha-channel-opacity\"\/>\n\n\n\n<h3 class=\"wp-block-heading has-medium-font-size\"><strong>3. Organisation &amp; Prozesse<\/strong><\/h3>\n\n\n\n<ul class=\"wp-block-list\">\n<li style=\"font-size:16px\">Aufbau- und Ablauforganisation<\/li>\n\n\n\n<li style=\"font-size:16px\">Prozessoptimierung &amp; Effizienzsteigerung<\/li>\n\n\n\n<li style=\"font-size:16px\">Schnittstellenmanagement<\/li>\n\n\n\n<li style=\"font-size:16px\">Agilit\u00e4t und flexible Strukturen<\/li>\n\n\n\n<li style=\"font-size:16px\">Qualit\u00e4tsmanagement<\/li>\n<\/ul>\n\n\n\n<p style=\"font-size:16px\">&#x1f449; <strong>Wettbewerbsvorteile<\/strong>: <strong>Leistungsf\u00e4hige, schlanke Organisationen<\/strong><\/p>\n\n\n\n<hr class=\"wp-block-separator has-alpha-channel-opacity\"\/>\n\n\n\n<h3 class=\"wp-block-heading\" style=\"font-size:20px\"><strong>4. Unternehmenskultur &amp; Werte<\/strong><\/h3>\n\n\n\n<ul class=\"wp-block-list\">\n<li style=\"font-size:16px\">Unternehmenswerte und Leitbilder<\/li>\n\n\n\n<li style=\"font-size:16px\">Vertrauen, Kommunikation und Feedbackkultur<\/li>\n\n\n\n<li style=\"font-size:16px\">Fehler- und Lernkultur<\/li>\n\n\n\n<li style=\"font-size:16px\">Mitarbeiterbindung und Motivation<\/li>\n<\/ul>\n\n\n\n<p style=\"font-size:16px\">&#x1f449; <strong>Wettbewerbsvorteile<\/strong>: <strong>Starke Kultur als Erfolgsfaktor<\/strong><\/p>\n\n\n\n<hr class=\"wp-block-separator has-alpha-channel-opacity\"\/>\n\n\n\n<h2 class=\"wp-block-heading has-medium-font-size\"><strong>5. Personal- und Talententwicklung<\/strong><\/h2>\n\n\n\n<ul class=\"wp-block-list\">\n<li style=\"font-size:16px\">Mitarbeiterentwicklung &amp; Weiterbildung<\/li>\n\n\n\n<li style=\"font-size:16px\">Talentmanagement<\/li>\n\n\n\n<li style=\"font-size:16px\">Nachfolgeplanung<\/li>\n\n\n\n<li style=\"font-size:16px\">Recruiting &amp; Employer Branding<\/li>\n<\/ul>\n\n\n\n<p style=\"font-size:16px\">&#x1f449; <strong>Wettbewerbsvorteile<\/strong>: <strong>Die richtigen Menschen zur richtigen Zeit<\/strong><\/p>\n\n\n\n<hr class=\"wp-block-separator has-alpha-channel-opacity\"\/>\n\n\n\n<h3 class=\"wp-block-heading\" style=\"font-size:20px\"><strong>6. Change Management &amp; Transformation<\/strong><\/h3>\n\n\n\n<ul class=\"wp-block-list\">\n<li style=\"font-size:16px\">Ver\u00e4nderungsprozesse gestalten<\/li>\n\n\n\n<li style=\"font-size:16px\">Umgang mit Widerst\u00e4nden<\/li>\n\n\n\n<li style=\"font-size:16px\">Kommunikation im Wandel<\/li>\n\n\n\n<li style=\"font-size:16px\">Begleitung von Transformationen<\/li>\n<\/ul>\n\n\n\n<p style=\"font-size:16px\">&#x1f449; <strong>Wettbewerbsvorteile<\/strong>: <strong>Ver\u00e4nderungen erfolgreich umsetzen<\/strong><\/p>\n\n\n\n<hr class=\"wp-block-separator has-alpha-channel-opacity\"\/>\n\n\n\n<h3 class=\"wp-block-heading has-medium-font-size\"><strong>7. Innovation &amp; Digitalisierung<\/strong><\/h3>\n\n\n\n<ul class=\"wp-block-list\">\n<li style=\"font-size:16px\">Innovationsmanagement<\/li>\n\n\n\n<li style=\"font-size:16px\">Digitale Gesch\u00e4ftsprozesse<\/li>\n\n\n\n<li style=\"font-size:16px\">Automatisierung &amp; KI<\/li>\n\n\n\n<li style=\"font-size:16px\">Neue Produkte und Services<\/li>\n<\/ul>\n\n\n\n<p style=\"font-size:16px\">&#x1f449; <strong>Wettbewerbsvorteile<\/strong>: <strong>Zukunftsf\u00e4higkeit und Innovationskraft<\/strong><\/p>\n\n\n\n<hr class=\"wp-block-separator has-alpha-channel-opacity\"\/>\n\n\n\n<h3 class=\"wp-block-heading\" style=\"font-size:20px\"><strong>8. Wachstum &amp; Skalierung<\/strong><\/h3>\n\n\n\n<ul class=\"wp-block-list\">\n<li style=\"font-size:16px\">Wachstumskonzepte<\/li>\n\n\n\n<li style=\"font-size:16px\">Internationalisierung<\/li>\n\n\n\n<li style=\"font-size:16px\">Skalierbare Strukturen<\/li>\n\n\n\n<li style=\"font-size:16px\">Partnerschaften &amp; Netzwerke<\/li>\n<\/ul>\n\n\n\n<p style=\"font-size:16px\">&#x1f449; <strong>Wettbewerbsvorteile<\/strong>: <strong>kontrolliertes und nachhaltiges Wachstum<\/strong><\/p>\n\n\n\n<hr class=\"wp-block-separator has-alpha-channel-opacity\"\/>\n\n\n\n<h3 class=\"wp-block-heading\" style=\"font-size:20px\"><strong>9. Controlling &amp; Steuerung<\/strong><\/h3>\n\n\n\n<ul class=\"wp-block-list\">\n<li style=\"font-size:16px\">Finanzen<\/li>\n\n\n\n<li style=\"font-size:16px\">Kennzahlensysteme (KPIs)<\/li>\n\n\n\n<li style=\"font-size:16px\">Unternehmenssteuerung<\/li>\n\n\n\n<li style=\"font-size:16px\">Risikomanagement<\/li>\n\n\n\n<li style=\"font-size:16px\">Wirtschaftlichkeit und Rentabilit\u00e4t<\/li>\n<\/ul>\n\n\n\n<p style=\"font-size:16px\">&#x1f449; <strong>Wettbewerbsvorteile<\/strong>: <strong>Transparenz und fundierte Entscheidungen<\/strong><\/p>\n\n\n\n<hr class=\"wp-block-separator has-alpha-channel-opacity\"\/>\n\n\n\n<h3 class=\"wp-block-heading\" style=\"font-size:20px\"><strong>10. Nachhaltigkeit &amp; Verantwortung<\/strong><\/h3>\n\n\n\n<ul class=\"wp-block-list\">\n<li style=\"font-size:16px\">Nachhaltige Unternehmensf\u00fchrung<\/li>\n\n\n\n<li style=\"font-size:16px\">ESG &amp; soziale Verantwortung<\/li>\n\n\n\n<li style=\"font-size:16px\">Langfristige Wertsch\u00f6pfung<\/li>\n\n\n\n<li style=\"font-size:16px\">Sinnorientierung (Purpose)<\/li>\n<\/ul>\n\n\n\n<p style=\"font-size:16px\">&#x1f449; <strong>Wettbewerbsvorteile<\/strong>: <strong>Zukunftsf\u00e4higer Erfolg mit Verantwortung<\/strong><\/p>\n\n\n\n<hr class=\"wp-block-separator has-alpha-channel-opacity\"\/>\n\n\n\n<h2 class=\"wp-block-heading has-medium-font-size\"><strong>Fazit<\/strong><\/h2>\n\n\n\n<p style=\"font-size:16px\">Unternehmensentwicklung ist kein Einzelprojekt, sondern ein <strong>kontinuierlicher, ganzheitlicher Prozess<\/strong>. Erfolgreiche KMU-Unternehmen verbinden <strong>Strategie, Menschen, Organisation, Know-how, Prozesse, Strukturen und Kultur<\/strong>, um langfristige Wettbewerbsvorteile zu sichern. <strong>Das ist mein Ziel f\u00fcr Sie.<\/strong><\/p>\n\n\n\n<div style=\"height:13px\" aria-hidden=\"true\" class=\"wp-block-spacer\"><\/div>\n\n\n\n<p class=\"has-text-align-center has-blue-color has-text-color has-link-color has-medium-font-size wp-elements-1dbd71b45a7e006f9d8cfd7366911e50\">&#x1f449; <strong>Bauen Sie Ihre KMU-Unternehmensentwicklung mit meinen &#8222;Future Essentials&#8220; auf<\/strong><\/p>\n\n\n\n<div style=\"height:7px\" aria-hidden=\"true\" class=\"wp-block-spacer\"><\/div>\n\n\n\n<p class=\"has-text-align-center has-blue-color has-text-color has-link-color has-medium-font-size wp-elements-eb38276679c207fac99602bc6be8964f\"><strong>Melden Sie sich jetzt <\/strong><\/p>\n\n\n\n<p class=\"has-text-align-center has-blue-color has-text-color has-link-color wp-elements-108858c370d978115b8f0a535b0e576f\" style=\"font-size:16px\">Phone: 0931.70528570<\/p>\n\n\n\n<p class=\"has-text-align-center has-blue-color has-text-color has-link-color wp-elements-468f6a9aa9b90179ef97192487a2c4a9\" style=\"font-size:16px\">Email:&nbsp; rolf.popp(at)wettbewerbsvorteile.com<\/p>\n\n\n\n<div class=\"wp-block-columns is-layout-flex wp-container-core-columns-is-layout-9d6595d7 wp-block-columns-is-layout-flex\">\n<div class=\"wp-block-column is-layout-flow wp-block-column-is-layout-flow\" style=\"flex-basis:100%\"><div class=\"wp-block-image\">\n<figure class=\"aligncenter\"><a href=\"http:\/\/wettbewerbsvorteile.com\/weblog\/wp-content\/uploads\/Rolf_Popp_342x228.jpg\"><img loading=\"lazy\" decoding=\"async\" width=\"342\" height=\"228\" src=\"http:\/\/wettbewerbsvorteile.com\/weblog\/wp-content\/uploads\/Rolf_Popp_342x228.jpg\" alt=\"Spezialist und Berater Wettbewerbsvorteile\" class=\"wp-image-1186\" srcset=\"https:\/\/wettbewerbsvorteile.com\/weblog\/wp-content\/uploads\/Rolf_Popp_342x228.jpg 342w, https:\/\/wettbewerbsvorteile.com\/weblog\/wp-content\/uploads\/Rolf_Popp_342x228-300x200.jpg 300w\" sizes=\"auto, (max-width: 342px) 100vw, 342px\" \/><\/a><\/figure>\n<\/div>\n\n\n<p class=\"has-text-align-center\">Ihr KMU-Future-Experte Dipl.-Wirtsch. Ing. (FH) Rolf Popp<\/p>\n\n\n\n<p class=\"has-text-align-center\"><\/p>\n<\/div>\n<\/div>\n<div class=\"twoclick_social_bookmarks_post_822 social_share_privacy clearfix 1.6.4 locale-de_DE sprite-de_DE\"><\/div><div class=\"twoclick-js\"><script type=\"text\/javascript\">\/* <![CDATA[ *\/\njQuery(document).ready(function($){if($('.twoclick_social_bookmarks_post_822')){$('.twoclick_social_bookmarks_post_822').socialSharePrivacy({\"services\":{\"facebook\":{\"status\":\"on\",\"txt_info\":\"2 Klicks f\\u00fcr mehr Datenschutz: Erst wenn Sie hier klicken, wird der Button aktiv und Sie k\\u00f6nnen Ihre Empfehlung an Facebook senden. Schon beim Aktivieren werden Daten an Dritte \\u00fcbertragen - siehe <em>i<\\\/em>.\",\"perma_option\":\"off\",\"action\":\"recommend\",\"language\":\"de_DE\"},\"twitter\":{\"reply_to\":\"\",\"tweet_text\":\"Future%20Essentials%20%C2%BB%20Blog%3A%20KMU%20Future%20Essentials%20mit%20Wettbewerbsvorteilen\",\"status\":\"on\",\"txt_info\":\"2 Klicks f\\u00fcr mehr Datenschutz: Erst wenn Sie hier klicken, wird der Button aktiv und Sie k\\u00f6nnen Ihre Empfehlung an Twitter senden. Schon beim Aktivieren werden Daten an Dritte \\u00fcbertragen - siehe <em>i<\\\/em>.\",\"perma_option\":\"off\",\"language\":\"de\",\"referrer_track\":\"\"},\"gplus\":{\"status\":\"on\",\"txt_info\":\"2 Klicks f\\u00fcr mehr Datenschutz: Erst wenn Sie hier klicken, wird der Button aktiv und Sie k\\u00f6nnen Ihre Empfehlung an Google+ senden. Schon beim Aktivieren werden Daten an Dritte \\u00fcbertragen - siehe <em>i<\\\/em>.\",\"perma_option\":\"off\",\"referrer_track\":\"\"},\"xing\":{\"status\":\"on\",\"txt_info\":\"2 Klicks f\\u00fcr mehr Datenschutz: Erst wenn Sie hier klicken, wird der Button aktiv und Sie k\\u00f6nnen Ihre Empfehlung an Xing senden. Schon beim Aktivieren werden Daten an Dritte \\u00fcbertragen - siehe <em>i<\\\/em>.\",\"perma_option\":\"off\",\"language\":\"de\",\"referrer_track\":\"\"}},\"txt_help\":\"Wenn Sie diese Felder durch einen Klick aktivieren, werden Informationen an Facebook, Twitter, Flattr, Xing, t3n, LinkedIn, Pinterest oder Google eventuell ins Ausland \\u00fcbertragen und unter Umst\\u00e4nden auch dort gespeichert. N\\u00e4heres erfahren Sie durch einen Klick auf das <em>i<\\\/em>.\",\"settings_perma\":\"Dauerhaft aktivieren und Daten\\u00fcber-tragung zustimmen:\",\"info_link\":\"http:\\\/\\\/www.heise.de\\\/ct\\\/artikel\\\/2-Klicks-fuer-mehr-Datenschutz-1333879.html\",\"uri\":\"https:\\\/\\\/wettbewerbsvorteile.com\\\/weblog\\\/beratung\\\/\",\"post_id\":822,\"post_title_referrer_track\":\"Future+Essentials\",\"display_infobox\":\"on\"});}});\n\/* ]]> *\/<\/script><\/div>","protected":false},"excerpt":{"rendered":"<p>Meine KMU Future Essentials Beratung Unternehmensentwicklung mit Wettbewerbsvorteilen Strategisch wachsen. Klar f\u00fchren. Wettbewerbsvorteile sichern. Erfolgreiche Unternehmensentwicklung beginnt mit Klarheit, Fokus und den richtigen Entscheidungen. Im Coaching zur Unternehmensentwicklung begleite ich Unternehmer, Unternehmensnachfolger und Teams dabei, ihr Unternehmen mit Wettbewerbsvorteilen zukunftssicher, profitabel und wettbewerbsstark auszurichten. 360-Grad-Beratung: ganzheitlich \u2013 nachhaltig \u2013 zielorientiert Hier auf meinem Blog findest [&hellip;]<\/p>\n","protected":false},"author":1,"featured_media":0,"parent":0,"menu_order":10,"comment_status":"open","ping_status":"closed","template":"","meta":{"footnotes":""},"class_list":["post-822","page","type-page","status-publish","hentry"],"yoast_head":"<!-- This site is optimized with the Yoast SEO plugin v27.5 - https:\/\/yoast.com\/product\/yoast-seo-wordpress\/ -->\n<title>Future Essentials - Blog: KMU Future Essentials mit Wettbewerbsvorteilen<\/title>\n<meta name=\"robots\" content=\"index, follow, max-snippet:-1, max-image-preview:large, max-video-preview:-1\" \/>\n<link rel=\"canonical\" href=\"http:\/\/wettbewerbsvorteile.com\/weblog\/beratung\/\" \/>\n<meta name=\"twitter:label1\" content=\"Gesch\u00e4tzte Lesezeit\" \/>\n\t<meta name=\"twitter:data1\" content=\"3\u00a0Minuten\" \/>\n<script type=\"application\/ld+json\" class=\"yoast-schema-graph\">{\"@context\":\"https:\\\/\\\/schema.org\",\"@graph\":[{\"@type\":\"WebPage\",\"@id\":\"http:\\\/\\\/wettbewerbsvorteile.com\\\/weblog\\\/beratung\\\/\",\"url\":\"http:\\\/\\\/wettbewerbsvorteile.com\\\/weblog\\\/beratung\\\/\",\"name\":\"Future Essentials - Blog: KMU Future Essentials mit Wettbewerbsvorteilen\",\"isPartOf\":{\"@id\":\"http:\\\/\\\/wettbewerbsvorteile.com\\\/weblog\\\/#website\"},\"primaryImageOfPage\":{\"@id\":\"http:\\\/\\\/wettbewerbsvorteile.com\\\/weblog\\\/beratung\\\/#primaryimage\"},\"image\":{\"@id\":\"http:\\\/\\\/wettbewerbsvorteile.com\\\/weblog\\\/beratung\\\/#primaryimage\"},\"thumbnailUrl\":\"http:\\\/\\\/wettbewerbsvorteile.com\\\/weblog\\\/wp-content\\\/uploads\\\/Rolf_Popp_342x228.jpg\",\"datePublished\":\"2014-02-11T13:39:35+00:00\",\"dateModified\":\"2026-04-01T09:20:40+00:00\",\"breadcrumb\":{\"@id\":\"http:\\\/\\\/wettbewerbsvorteile.com\\\/weblog\\\/beratung\\\/#breadcrumb\"},\"inLanguage\":\"de\",\"potentialAction\":[{\"@type\":\"ReadAction\",\"target\":[\"http:\\\/\\\/wettbewerbsvorteile.com\\\/weblog\\\/beratung\\\/\"]}]},{\"@type\":\"ImageObject\",\"inLanguage\":\"de\",\"@id\":\"http:\\\/\\\/wettbewerbsvorteile.com\\\/weblog\\\/beratung\\\/#primaryimage\",\"url\":\"https:\\\/\\\/wettbewerbsvorteile.com\\\/weblog\\\/wp-content\\\/uploads\\\/Rolf_Popp_342x228.jpg\",\"contentUrl\":\"https:\\\/\\\/wettbewerbsvorteile.com\\\/weblog\\\/wp-content\\\/uploads\\\/Rolf_Popp_342x228.jpg\",\"width\":342,\"height\":228},{\"@type\":\"BreadcrumbList\",\"@id\":\"http:\\\/\\\/wettbewerbsvorteile.com\\\/weblog\\\/beratung\\\/#breadcrumb\",\"itemListElement\":[{\"@type\":\"ListItem\",\"position\":1,\"name\":\"Startseite\",\"item\":\"http:\\\/\\\/wettbewerbsvorteile.com\\\/weblog\\\/\"},{\"@type\":\"ListItem\",\"position\":2,\"name\":\"Future Essentials\"}]},{\"@type\":\"WebSite\",\"@id\":\"http:\\\/\\\/wettbewerbsvorteile.com\\\/weblog\\\/#website\",\"url\":\"http:\\\/\\\/wettbewerbsvorteile.com\\\/weblog\\\/\",\"name\":\"Wettbewerbsvorteile Faktoren Analysen Quellen\",\"description\":\"Insights mit KMU Future Experte Dipl.-Wirtsch. Ing. (FH) Rolf Popp\",\"publisher\":{\"@id\":\"http:\\\/\\\/wettbewerbsvorteile.com\\\/weblog\\\/#\\\/schema\\\/person\\\/3012b5f0bceab6e7001c632f03239c5e\"},\"potentialAction\":[{\"@type\":\"SearchAction\",\"target\":{\"@type\":\"EntryPoint\",\"urlTemplate\":\"http:\\\/\\\/wettbewerbsvorteile.com\\\/weblog\\\/?s={search_term_string}\"},\"query-input\":{\"@type\":\"PropertyValueSpecification\",\"valueRequired\":true,\"valueName\":\"search_term_string\"}}],\"inLanguage\":\"de\"},{\"@type\":[\"Person\",\"Organization\"],\"@id\":\"http:\\\/\\\/wettbewerbsvorteile.com\\\/weblog\\\/#\\\/schema\\\/person\\\/3012b5f0bceab6e7001c632f03239c5e\",\"name\":\"Rolf Popp\",\"image\":{\"@type\":\"ImageObject\",\"inLanguage\":\"de\",\"@id\":\"https:\\\/\\\/secure.gravatar.com\\\/avatar\\\/f4bd477ea5461e00f3cbea4aaf11e127b7a25278f9a68a6dc98f2359fdcb3c70?s=96&d=mm&r=g\",\"url\":\"https:\\\/\\\/secure.gravatar.com\\\/avatar\\\/f4bd477ea5461e00f3cbea4aaf11e127b7a25278f9a68a6dc98f2359fdcb3c70?s=96&d=mm&r=g\",\"contentUrl\":\"https:\\\/\\\/secure.gravatar.com\\\/avatar\\\/f4bd477ea5461e00f3cbea4aaf11e127b7a25278f9a68a6dc98f2359fdcb3c70?s=96&d=mm&r=g\",\"caption\":\"Rolf Popp\"},\"logo\":{\"@id\":\"https:\\\/\\\/secure.gravatar.com\\\/avatar\\\/f4bd477ea5461e00f3cbea4aaf11e127b7a25278f9a68a6dc98f2359fdcb3c70?s=96&d=mm&r=g\"},\"description\":\"Spezialist f\u00fcr Wettbewerbsvorteile\",\"sameAs\":[\"http:\\\/\\\/www.wettbewerbsvorteile.com\"]}]}<\/script>\n<!-- \/ Yoast SEO plugin. -->","yoast_head_json":{"title":"Future Essentials - Blog: KMU Future Essentials mit Wettbewerbsvorteilen","robots":{"index":"index","follow":"follow","max-snippet":"max-snippet:-1","max-image-preview":"max-image-preview:large","max-video-preview":"max-video-preview:-1"},"canonical":"http:\/\/wettbewerbsvorteile.com\/weblog\/beratung\/","twitter_misc":{"Gesch\u00e4tzte Lesezeit":"3\u00a0Minuten"},"schema":{"@context":"https:\/\/schema.org","@graph":[{"@type":"WebPage","@id":"http:\/\/wettbewerbsvorteile.com\/weblog\/beratung\/","url":"http:\/\/wettbewerbsvorteile.com\/weblog\/beratung\/","name":"Future Essentials - Blog: KMU Future Essentials mit Wettbewerbsvorteilen","isPartOf":{"@id":"http:\/\/wettbewerbsvorteile.com\/weblog\/#website"},"primaryImageOfPage":{"@id":"http:\/\/wettbewerbsvorteile.com\/weblog\/beratung\/#primaryimage"},"image":{"@id":"http:\/\/wettbewerbsvorteile.com\/weblog\/beratung\/#primaryimage"},"thumbnailUrl":"http:\/\/wettbewerbsvorteile.com\/weblog\/wp-content\/uploads\/Rolf_Popp_342x228.jpg","datePublished":"2014-02-11T13:39:35+00:00","dateModified":"2026-04-01T09:20:40+00:00","breadcrumb":{"@id":"http:\/\/wettbewerbsvorteile.com\/weblog\/beratung\/#breadcrumb"},"inLanguage":"de","potentialAction":[{"@type":"ReadAction","target":["http:\/\/wettbewerbsvorteile.com\/weblog\/beratung\/"]}]},{"@type":"ImageObject","inLanguage":"de","@id":"http:\/\/wettbewerbsvorteile.com\/weblog\/beratung\/#primaryimage","url":"https:\/\/wettbewerbsvorteile.com\/weblog\/wp-content\/uploads\/Rolf_Popp_342x228.jpg","contentUrl":"https:\/\/wettbewerbsvorteile.com\/weblog\/wp-content\/uploads\/Rolf_Popp_342x228.jpg","width":342,"height":228},{"@type":"BreadcrumbList","@id":"http:\/\/wettbewerbsvorteile.com\/weblog\/beratung\/#breadcrumb","itemListElement":[{"@type":"ListItem","position":1,"name":"Startseite","item":"http:\/\/wettbewerbsvorteile.com\/weblog\/"},{"@type":"ListItem","position":2,"name":"Future Essentials"}]},{"@type":"WebSite","@id":"http:\/\/wettbewerbsvorteile.com\/weblog\/#website","url":"http:\/\/wettbewerbsvorteile.com\/weblog\/","name":"Wettbewerbsvorteile Faktoren Analysen Quellen","description":"Insights mit KMU Future Experte Dipl.-Wirtsch. Ing. (FH) Rolf Popp","publisher":{"@id":"http:\/\/wettbewerbsvorteile.com\/weblog\/#\/schema\/person\/3012b5f0bceab6e7001c632f03239c5e"},"potentialAction":[{"@type":"SearchAction","target":{"@type":"EntryPoint","urlTemplate":"http:\/\/wettbewerbsvorteile.com\/weblog\/?s={search_term_string}"},"query-input":{"@type":"PropertyValueSpecification","valueRequired":true,"valueName":"search_term_string"}}],"inLanguage":"de"},{"@type":["Person","Organization"],"@id":"http:\/\/wettbewerbsvorteile.com\/weblog\/#\/schema\/person\/3012b5f0bceab6e7001c632f03239c5e","name":"Rolf Popp","image":{"@type":"ImageObject","inLanguage":"de","@id":"https:\/\/secure.gravatar.com\/avatar\/f4bd477ea5461e00f3cbea4aaf11e127b7a25278f9a68a6dc98f2359fdcb3c70?s=96&d=mm&r=g","url":"https:\/\/secure.gravatar.com\/avatar\/f4bd477ea5461e00f3cbea4aaf11e127b7a25278f9a68a6dc98f2359fdcb3c70?s=96&d=mm&r=g","contentUrl":"https:\/\/secure.gravatar.com\/avatar\/f4bd477ea5461e00f3cbea4aaf11e127b7a25278f9a68a6dc98f2359fdcb3c70?s=96&d=mm&r=g","caption":"Rolf Popp"},"logo":{"@id":"https:\/\/secure.gravatar.com\/avatar\/f4bd477ea5461e00f3cbea4aaf11e127b7a25278f9a68a6dc98f2359fdcb3c70?s=96&d=mm&r=g"},"description":"Spezialist f\u00fcr Wettbewerbsvorteile","sameAs":["http:\/\/www.wettbewerbsvorteile.com"]}]}},"_links":{"self":[{"href":"https:\/\/wettbewerbsvorteile.com\/weblog\/wp-json\/wp\/v2\/pages\/822","targetHints":{"allow":["GET"]}}],"collection":[{"href":"https:\/\/wettbewerbsvorteile.com\/weblog\/wp-json\/wp\/v2\/pages"}],"about":[{"href":"https:\/\/wettbewerbsvorteile.com\/weblog\/wp-json\/wp\/v2\/types\/page"}],"author":[{"embeddable":true,"href":"https:\/\/wettbewerbsvorteile.com\/weblog\/wp-json\/wp\/v2\/users\/1"}],"replies":[{"embeddable":true,"href":"https:\/\/wettbewerbsvorteile.com\/weblog\/wp-json\/wp\/v2\/comments?post=822"}],"version-history":[{"count":46,"href":"https:\/\/wettbewerbsvorteile.com\/weblog\/wp-json\/wp\/v2\/pages\/822\/revisions"}],"predecessor-version":[{"id":1569,"href":"https:\/\/wettbewerbsvorteile.com\/weblog\/wp-json\/wp\/v2\/pages\/822\/revisions\/1569"}],"wp:attachment":[{"href":"https:\/\/wettbewerbsvorteile.com\/weblog\/wp-json\/wp\/v2\/media?parent=822"}],"curies":[{"name":"wp","href":"https:\/\/api.w.org\/{rel}","templated":true}]}}