{"id":402,"date":"2013-02-12T18:17:54","date_gmt":"2013-02-12T17:17:54","guid":{"rendered":"http:\/\/wettbewerbsvorteile.com\/weblog\/?page_id=402"},"modified":"2026-04-01T11:32:23","modified_gmt":"2026-04-01T09:32:23","slug":"kontakt","status":"publish","type":"page","link":"https:\/\/wettbewerbsvorteile.com\/weblog\/kontakt\/","title":{"rendered":"Kontakt"},"content":{"rendered":"\n<p style=\"font-size:16px\">Gerne er\u00f6rtern wir die gemeinsamen M\u00f6glichkeiten f\u00fcr Ihren Erfolg. <\/p>\n\n\n\n<p style=\"font-size:16px\">Starten Sie in eine bessere Zukunft mit dem aktiven gestalten und arbeiten von und mit Wettbewerbsvorteilen.<\/p>\n\n\n\n<p style=\"font-size:16px\">Ich freue mich auf Ihre Kontaktaufnahme:<\/p>\n\n\n\n<ul class=\"wp-block-list\">\n<li style=\"font-size:16px\">via Telefon:&nbsp; 0152.28947574<\/li>\n\n\n\n<li style=\"font-size:16px\">via E-Mail:&nbsp;&nbsp;&nbsp;rolf.popp(at)wettbewerbsvorteile.com<\/li>\n<\/ul>\n\n\n\n<p class=\"has-medium-font-size\"><strong>Ihr KMU-Future-Experte <\/strong><\/p>\n\n\n\n<p style=\"font-size:16px\">Dipl. Wirtsch.-Ing. (FH) Rolf Popp<\/p>\n<div class=\"twoclick_social_bookmarks_post_402 social_share_privacy clearfix 1.6.4 locale-de_DE sprite-de_DE\"><\/div><div class=\"twoclick-js\"><script type=\"text\/javascript\">\/* <![CDATA[ *\/\njQuery(document).ready(function($){if($('.twoclick_social_bookmarks_post_402')){$('.twoclick_social_bookmarks_post_402').socialSharePrivacy({\"services\":{\"facebook\":{\"status\":\"on\",\"txt_info\":\"2 Klicks f\\u00fcr mehr Datenschutz: Erst wenn Sie hier klicken, wird der Button aktiv und Sie k\\u00f6nnen Ihre Empfehlung an Facebook senden. Schon beim Aktivieren werden Daten an Dritte \\u00fcbertragen - siehe <em>i<\\\/em>.\",\"perma_option\":\"off\",\"action\":\"recommend\",\"language\":\"de_DE\"},\"twitter\":{\"reply_to\":\"\",\"tweet_text\":\"Kontakt%20%C2%BB%20Blog%3A%20KMU%20Future%20Essentials%20mit%20Wettbewerbsvorteilen\",\"status\":\"on\",\"txt_info\":\"2 Klicks f\\u00fcr mehr Datenschutz: Erst wenn Sie hier klicken, wird der Button aktiv und Sie k\\u00f6nnen Ihre Empfehlung an Twitter senden. Schon beim Aktivieren werden Daten an Dritte \\u00fcbertragen - siehe <em>i<\\\/em>.\",\"perma_option\":\"off\",\"language\":\"de\",\"referrer_track\":\"\"},\"gplus\":{\"status\":\"on\",\"txt_info\":\"2 Klicks f\\u00fcr mehr Datenschutz: Erst wenn Sie hier klicken, wird der Button aktiv und Sie k\\u00f6nnen Ihre Empfehlung an Google+ senden. Schon beim Aktivieren werden Daten an Dritte \\u00fcbertragen - siehe <em>i<\\\/em>.\",\"perma_option\":\"off\",\"referrer_track\":\"\"},\"xing\":{\"status\":\"on\",\"txt_info\":\"2 Klicks f\\u00fcr mehr Datenschutz: Erst wenn Sie hier klicken, wird der Button aktiv und Sie k\\u00f6nnen Ihre Empfehlung an Xing senden. Schon beim Aktivieren werden Daten an Dritte \\u00fcbertragen - siehe <em>i<\\\/em>.\",\"perma_option\":\"off\",\"language\":\"de\",\"referrer_track\":\"\"}},\"txt_help\":\"Wenn Sie diese Felder durch einen Klick aktivieren, werden Informationen an Facebook, Twitter, Flattr, Xing, t3n, LinkedIn, Pinterest oder Google eventuell ins Ausland \\u00fcbertragen und unter Umst\\u00e4nden auch dort gespeichert. N\\u00e4heres erfahren Sie durch einen Klick auf das <em>i<\\\/em>.\",\"settings_perma\":\"Dauerhaft aktivieren und Daten\\u00fcber-tragung zustimmen:\",\"info_link\":\"http:\\\/\\\/www.heise.de\\\/ct\\\/artikel\\\/2-Klicks-fuer-mehr-Datenschutz-1333879.html\",\"uri\":\"https:\\\/\\\/wettbewerbsvorteile.com\\\/weblog\\\/kontakt\\\/\",\"post_id\":402,\"post_title_referrer_track\":\"Kontakt\",\"display_infobox\":\"on\"});}});\n\/* ]]> *\/<\/script><\/div>","protected":false},"excerpt":{"rendered":"<p>Gerne er\u00f6rtern wir die gemeinsamen M\u00f6glichkeiten f\u00fcr Ihren Erfolg. Starten Sie in eine bessere Zukunft mit dem aktiven gestalten und arbeiten von und mit Wettbewerbsvorteilen. Ich freue mich auf Ihre Kontaktaufnahme: Ihr KMU-Future-Experte Dipl. Wirtsch.-Ing. (FH) Rolf Popp<\/p>\n","protected":false},"author":1,"featured_media":0,"parent":0,"menu_order":7,"comment_status":"open","ping_status":"open","template":"","meta":{"footnotes":""},"class_list":["post-402","page","type-page","status-publish","hentry"],"yoast_head":"<!-- This site is optimized with the Yoast SEO plugin v27.5 - https:\/\/yoast.com\/product\/yoast-seo-wordpress\/ -->\n<title>Kontakt - Blog: KMU Future Essentials mit Wettbewerbsvorteilen<\/title>\n<meta name=\"robots\" content=\"index, follow, max-snippet:-1, max-image-preview:large, max-video-preview:-1\" \/>\n<link rel=\"canonical\" href=\"http:\/\/wettbewerbsvorteile.com\/weblog\/kontakt\/\" \/>\n<meta name=\"twitter:label1\" content=\"Gesch\u00e4tzte Lesezeit\" \/>\n\t<meta name=\"twitter:data1\" content=\"1\u00a0Minute\" \/>\n<script type=\"application\/ld+json\" class=\"yoast-schema-graph\">{\"@context\":\"https:\\\/\\\/schema.org\",\"@graph\":[{\"@type\":\"WebPage\",\"@id\":\"http:\\\/\\\/wettbewerbsvorteile.com\\\/weblog\\\/kontakt\\\/\",\"url\":\"http:\\\/\\\/wettbewerbsvorteile.com\\\/weblog\\\/kontakt\\\/\",\"name\":\"Kontakt - Blog: KMU Future Essentials mit Wettbewerbsvorteilen\",\"isPartOf\":{\"@id\":\"http:\\\/\\\/wettbewerbsvorteile.com\\\/weblog\\\/#website\"},\"datePublished\":\"2013-02-12T17:17:54+00:00\",\"dateModified\":\"2026-04-01T09:32:23+00:00\",\"breadcrumb\":{\"@id\":\"http:\\\/\\\/wettbewerbsvorteile.com\\\/weblog\\\/kontakt\\\/#breadcrumb\"},\"inLanguage\":\"de\",\"potentialAction\":[{\"@type\":\"ReadAction\",\"target\":[\"http:\\\/\\\/wettbewerbsvorteile.com\\\/weblog\\\/kontakt\\\/\"]}]},{\"@type\":\"BreadcrumbList\",\"@id\":\"http:\\\/\\\/wettbewerbsvorteile.com\\\/weblog\\\/kontakt\\\/#breadcrumb\",\"itemListElement\":[{\"@type\":\"ListItem\",\"position\":1,\"name\":\"Startseite\",\"item\":\"http:\\\/\\\/wettbewerbsvorteile.com\\\/weblog\\\/\"},{\"@type\":\"ListItem\",\"position\":2,\"name\":\"Kontakt\"}]},{\"@type\":\"WebSite\",\"@id\":\"http:\\\/\\\/wettbewerbsvorteile.com\\\/weblog\\\/#website\",\"url\":\"http:\\\/\\\/wettbewerbsvorteile.com\\\/weblog\\\/\",\"name\":\"Wettbewerbsvorteile Faktoren Analysen Quellen\",\"description\":\"Insights mit KMU Future Experte Dipl.-Wirtsch. Ing. (FH) Rolf Popp\",\"publisher\":{\"@id\":\"http:\\\/\\\/wettbewerbsvorteile.com\\\/weblog\\\/#\\\/schema\\\/person\\\/3012b5f0bceab6e7001c632f03239c5e\"},\"potentialAction\":[{\"@type\":\"SearchAction\",\"target\":{\"@type\":\"EntryPoint\",\"urlTemplate\":\"http:\\\/\\\/wettbewerbsvorteile.com\\\/weblog\\\/?s={search_term_string}\"},\"query-input\":{\"@type\":\"PropertyValueSpecification\",\"valueRequired\":true,\"valueName\":\"search_term_string\"}}],\"inLanguage\":\"de\"},{\"@type\":[\"Person\",\"Organization\"],\"@id\":\"http:\\\/\\\/wettbewerbsvorteile.com\\\/weblog\\\/#\\\/schema\\\/person\\\/3012b5f0bceab6e7001c632f03239c5e\",\"name\":\"Rolf Popp\",\"image\":{\"@type\":\"ImageObject\",\"inLanguage\":\"de\",\"@id\":\"https:\\\/\\\/secure.gravatar.com\\\/avatar\\\/f4bd477ea5461e00f3cbea4aaf11e127b7a25278f9a68a6dc98f2359fdcb3c70?s=96&d=mm&r=g\",\"url\":\"https:\\\/\\\/secure.gravatar.com\\\/avatar\\\/f4bd477ea5461e00f3cbea4aaf11e127b7a25278f9a68a6dc98f2359fdcb3c70?s=96&d=mm&r=g\",\"contentUrl\":\"https:\\\/\\\/secure.gravatar.com\\\/avatar\\\/f4bd477ea5461e00f3cbea4aaf11e127b7a25278f9a68a6dc98f2359fdcb3c70?s=96&d=mm&r=g\",\"caption\":\"Rolf Popp\"},\"logo\":{\"@id\":\"https:\\\/\\\/secure.gravatar.com\\\/avatar\\\/f4bd477ea5461e00f3cbea4aaf11e127b7a25278f9a68a6dc98f2359fdcb3c70?s=96&d=mm&r=g\"},\"description\":\"Spezialist f\u00fcr Wettbewerbsvorteile\",\"sameAs\":[\"http:\\\/\\\/www.wettbewerbsvorteile.com\"]}]}<\/script>\n<!-- \/ Yoast SEO plugin. -->","yoast_head_json":{"title":"Kontakt - Blog: KMU Future Essentials mit Wettbewerbsvorteilen","robots":{"index":"index","follow":"follow","max-snippet":"max-snippet:-1","max-image-preview":"max-image-preview:large","max-video-preview":"max-video-preview:-1"},"canonical":"http:\/\/wettbewerbsvorteile.com\/weblog\/kontakt\/","twitter_misc":{"Gesch\u00e4tzte Lesezeit":"1\u00a0Minute"},"schema":{"@context":"https:\/\/schema.org","@graph":[{"@type":"WebPage","@id":"http:\/\/wettbewerbsvorteile.com\/weblog\/kontakt\/","url":"http:\/\/wettbewerbsvorteile.com\/weblog\/kontakt\/","name":"Kontakt - Blog: KMU Future Essentials mit Wettbewerbsvorteilen","isPartOf":{"@id":"http:\/\/wettbewerbsvorteile.com\/weblog\/#website"},"datePublished":"2013-02-12T17:17:54+00:00","dateModified":"2026-04-01T09:32:23+00:00","breadcrumb":{"@id":"http:\/\/wettbewerbsvorteile.com\/weblog\/kontakt\/#breadcrumb"},"inLanguage":"de","potentialAction":[{"@type":"ReadAction","target":["http:\/\/wettbewerbsvorteile.com\/weblog\/kontakt\/"]}]},{"@type":"BreadcrumbList","@id":"http:\/\/wettbewerbsvorteile.com\/weblog\/kontakt\/#breadcrumb","itemListElement":[{"@type":"ListItem","position":1,"name":"Startseite","item":"http:\/\/wettbewerbsvorteile.com\/weblog\/"},{"@type":"ListItem","position":2,"name":"Kontakt"}]},{"@type":"WebSite","@id":"http:\/\/wettbewerbsvorteile.com\/weblog\/#website","url":"http:\/\/wettbewerbsvorteile.com\/weblog\/","name":"Wettbewerbsvorteile Faktoren Analysen Quellen","description":"Insights mit KMU Future Experte Dipl.-Wirtsch. Ing. (FH) Rolf Popp","publisher":{"@id":"http:\/\/wettbewerbsvorteile.com\/weblog\/#\/schema\/person\/3012b5f0bceab6e7001c632f03239c5e"},"potentialAction":[{"@type":"SearchAction","target":{"@type":"EntryPoint","urlTemplate":"http:\/\/wettbewerbsvorteile.com\/weblog\/?s={search_term_string}"},"query-input":{"@type":"PropertyValueSpecification","valueRequired":true,"valueName":"search_term_string"}}],"inLanguage":"de"},{"@type":["Person","Organization"],"@id":"http:\/\/wettbewerbsvorteile.com\/weblog\/#\/schema\/person\/3012b5f0bceab6e7001c632f03239c5e","name":"Rolf Popp","image":{"@type":"ImageObject","inLanguage":"de","@id":"https:\/\/secure.gravatar.com\/avatar\/f4bd477ea5461e00f3cbea4aaf11e127b7a25278f9a68a6dc98f2359fdcb3c70?s=96&d=mm&r=g","url":"https:\/\/secure.gravatar.com\/avatar\/f4bd477ea5461e00f3cbea4aaf11e127b7a25278f9a68a6dc98f2359fdcb3c70?s=96&d=mm&r=g","contentUrl":"https:\/\/secure.gravatar.com\/avatar\/f4bd477ea5461e00f3cbea4aaf11e127b7a25278f9a68a6dc98f2359fdcb3c70?s=96&d=mm&r=g","caption":"Rolf Popp"},"logo":{"@id":"https:\/\/secure.gravatar.com\/avatar\/f4bd477ea5461e00f3cbea4aaf11e127b7a25278f9a68a6dc98f2359fdcb3c70?s=96&d=mm&r=g"},"description":"Spezialist f\u00fcr Wettbewerbsvorteile","sameAs":["http:\/\/www.wettbewerbsvorteile.com"]}]}},"_links":{"self":[{"href":"https:\/\/wettbewerbsvorteile.com\/weblog\/wp-json\/wp\/v2\/pages\/402","targetHints":{"allow":["GET"]}}],"collection":[{"href":"https:\/\/wettbewerbsvorteile.com\/weblog\/wp-json\/wp\/v2\/pages"}],"about":[{"href":"https:\/\/wettbewerbsvorteile.com\/weblog\/wp-json\/wp\/v2\/types\/page"}],"author":[{"embeddable":true,"href":"https:\/\/wettbewerbsvorteile.com\/weblog\/wp-json\/wp\/v2\/users\/1"}],"replies":[{"embeddable":true,"href":"https:\/\/wettbewerbsvorteile.com\/weblog\/wp-json\/wp\/v2\/comments?post=402"}],"version-history":[{"count":11,"href":"https:\/\/wettbewerbsvorteile.com\/weblog\/wp-json\/wp\/v2\/pages\/402\/revisions"}],"predecessor-version":[{"id":1578,"href":"https:\/\/wettbewerbsvorteile.com\/weblog\/wp-json\/wp\/v2\/pages\/402\/revisions\/1578"}],"wp:attachment":[{"href":"https:\/\/wettbewerbsvorteile.com\/weblog\/wp-json\/wp\/v2\/media?parent=402"}],"curies":[{"name":"wp","href":"https:\/\/api.w.org\/{rel}","templated":true}]}}