{"id":394,"date":"2013-02-12T17:30:08","date_gmt":"2013-02-12T16:30:08","guid":{"rendered":"http:\/\/wettbewerbsvorteile.com\/weblog\/?page_id=394"},"modified":"2026-04-01T11:24:09","modified_gmt":"2026-04-01T09:24:09","slug":"impressum","status":"publish","type":"page","link":"https:\/\/wettbewerbsvorteile.com\/weblog\/impressum\/","title":{"rendered":"Impressum &#038; Datenschutz"},"content":{"rendered":"\n<p><strong>Impressum &amp; Datenschutz<br><\/strong><\/p>\n\n\n\n<p style=\"font-size:16px\">ROLF POPP PRO Consult GmbH<\/p>\n\n\n\n<p style=\"font-size:16px\">Vertreten durch Dipl.-Wirtsch. Ing. (FH) Rolf Popp<\/p>\n\n\n\n<p style=\"font-size:16px\">Burkardinerstr. 37<\/p>\n\n\n\n<p style=\"font-size:16px\">97234 Reichenberg\/W\u00fcrzburg<\/p>\n\n\n\n<p><\/p>\n\n\n\n<p style=\"font-size:16px\"><strong>Call to action<\/strong><\/p>\n\n\n\n<p style=\"font-size:16px\">Phone: 0931.70528570<\/p>\n\n\n\n<p><strong>Deutschland<\/strong><\/p>\n\n\n\n<p style=\"font-size:16px\">Email:&nbsp;rolf.popp(at)wettbewerbsvorteile.com<\/p>\n\n\n\n<p>Str. Nr. 257.259.13047<\/p>\n\n\n\n<p>Inhaltlich Verantwortlicher gem\u00e4\u00df \u00a7 55 Abs. 2 RStV:<\/p>\n\n\n\n<p>Dipl.-Wirtsch. Ing. (FH) Rolf Popp (Anschrift wie oben)<\/p>\n\n\n\n<p>Verantwortlich f\u00fcr den Inhalt nach \u00a7 55 Abs. 2 RStV: Dipl. Wirtsch.-Ing. (FH) Rolf Popp<\/p>\n\n\n\n<p>Online-Streitbeilegung gem\u00e4\u00df Art. 14 Abs. 1 ODR-VO:<br>Wir sind zur Teilnahme an einem Streitbeilegungsverfahren vor einer Verbraucherschlichtungsstelle weder verpflichtet noch bereit.<br><\/p>\n\n\n\n<p><strong>Bild-Quellen:<\/strong><\/p>\n\n\n\n<p>Fotos &amp; Graphiken: Rolf Popp <\/p>\n\n\n\n<p>Bild: future-essentials-kmu-experte.png von chatgpt<\/p>\n\n\n\n<p>Sollten wir irrt\u00fcmlicherweise das Urheberrecht eines Eigent\u00fcmers verletzt oder nicht ausreichend ber\u00fccksichtigt haben, ersuchen wir um sofortige Information und Mitteilung an: rolf.popp(at)wettbewerbsvorteile.com vielen Dank.<\/p>\n\n\n\n<p><strong>1. Urheber- und Kennzeichnungsrecht.<\/strong><\/p>\n\n\n\n<p>Der Inhalt sowie alle grafischen Elemente unserer Website sind urheberrechtlich gesch\u00fctzt. Die Vervielf\u00e4ltigung von Informationen oder Daten, insbesondere die Verwendung unserer Projekte, Texte, Textteile, Bildmaterial o.\u00e4. bedarf der vorherigen schriftlichen Zustimmung unserer Firma. Die Wiederver\u00f6ffentlichung von Inhalten unserer Seiten ist ausdr\u00fccklich nicht gestattet.&nbsp; Es wird bestrebt, in allen Ver\u00f6ffentlichungen die Urheber- und Markenrechte der verwendeten Graphiken, Ton- und Video-Sequenzen sowie Texte zu beachten oder auf lizenzfreie Graphiken, Tondokumente, Videosequenzen und Texte zur\u00fcckzugreifen. Alle innerhalb des Internetangebotes genannten und ggf. durch Dritte gesch\u00fctzten Marken- und Warenzeichen unterliegen uneingeschr\u00e4nkt den Bestimmungen des jeweils g\u00fcltigen Kennzeichenrechts und den Besitzrechten der jeweiligen eingetragenen Eigent\u00fcmer. Allein aufgrund der blo\u00dfen Nennungen ist nicht der Schluss zu ziehen, dass Markenzeichen nicht durch Rechte Dritter gesch\u00fctzt sind! Das Copyright f\u00fcr ver\u00f6ffentlichte, vom Autor selbst erstellte Objekte bleibt allein beim Autor der Seiten. Eine Vervielf\u00e4ltigung oder Verwendung solcher Graphiken, Tondokumente, Videosequenzen und Texte in anderen elektronischen oder gedruckten Publikationen ist ohne ausdr\u00fcckliche Zustimmung des Autors nicht gestattet.<\/p>\n\n\n\n<p><strong>2. Gew\u00e4hrleistung<\/strong> und Inhalt unserer Web-Seiten.<\/p>\n\n\n\n<p>Die Inhalte dieser Web-Seiten dienen ausschlie\u00dflich der allgemeinen Information, wobei jeder User f\u00fcr jegliche Interpretation der Information selbst verantwortlich ist. Es wird keinerlei Gew\u00e4hr und Haftung f\u00fcr die Aktualit\u00e4t, Vollst\u00e4ndigkeit oder Richtigkeit der bereitgestellten Informationen \u00fcbernommen. Haftungsanspr\u00fcche gegen den Autor, welche sich auf Sch\u00e4den materieller oder ideeller Art beziehen, die durch die Nutzung oder Nichtnutzung der dargebotenen Informationen bzw. durch die Nutzung fehlerhafter und unvollst\u00e4ndiger Informationen verursacht wurden sind grunds\u00e4tzlich ausgeschlossen, sofern von unserer Seite kein nachweislich vors\u00e4tzliches oder grob fahrl\u00e4ssiges Verschulden vorliegt. Alle Angebote sind freibleibend und unverbindlich. Insbesondere werden keine rechtlichen oder steuerrechtlichen Empfehlungen gegeben. Alle Informationen wurden&nbsp; jedoch mit gro\u00dfer Sorgfalt und nach bestem Wissen und Gewissen erarbeitet. Die bereitgestellten Informationen sind nicht auf spezielle Bed\u00fcrfnisse einzelner Personen, Personengruppen oder Einrichtungen abgestimmt.<\/p>\n\n\n\n<p><strong>3. Hyperlinks und Verweise<\/strong> auf andere Web-Seiten.<\/p>\n\n\n\n<p>Mit Urteil vom 12. Mai 1998 hat das Landgericht Hamburg entschieden, dass durch die Ausbringung eines Links die Inhalte der gelinkten Seite ggf. mitzuverantworten sind. Die von uns gelegten Links und unser Linkverzeichnis wurden zwar sorgf\u00e4ltig ausgew\u00e4hlt und hatten bei Einbringung in unsere Website einen seri\u00f6sen Hintergrund, eine sp\u00e4tere \u00c4nderung der dortigen Inhalte kann nicht \u00fcberpr\u00fcft werden. Dennoch distanzieren wir uns im Sinne des Urteils des LG Hamburg, ausdr\u00fccklich von den Inhalten dieser Seiten, auf die wir Links gelegt haben. Verantwortlich f\u00fcr den Inhalt, die Aktualit\u00e4t und die Richtigkeit auf den verlinkten Seiten ist ausschlie\u00dflich der Betreiber, der Nutzer bzw.&nbsp;der Autor des dortigen Angebotes. Der Inhalt der Webseiten, auf die wir verlinken, ist grunds\u00e4tzlich nicht Gegenstand unseres Angebotes. Wir machen uns den Inhalt der Seiten auch nicht zu eigen, noch identifizieren wir uns damit.&nbsp;Wir distanzieren uns ausdr\u00fccklich von eventuell sittenwidrigen, anst\u00f6\u00dfigen oder anrei\u00dferischen Inhalten verlinkter Seiten.<\/p>\n\n\n\n<p><strong>4. Datensicherheit und E-Mail.<\/strong><\/p>\n\n\n\n<p>Der Standort des Servers kann im Ausland sein. Die Ver\u00e4nderung der Webseiten oder einzelner Daten auf dem Webserver durch Dritte ist untersagt und w\u00fcrde von uns rechtlich verfolgt werden. Wir \u00fcbernehmen keine Haftung f\u00fcr St\u00f6rungen oder Sch\u00e4den jeglicher Art, die aus dem Gebrauch der Web-Seiten entstehen, insbesondere Daten- oder Programmverlust in EDV- oder anderweitigen Systemen. Es wird keine Haftung f\u00fcr Virenfreiheit \u00fcbernommen. Dem Benutzer obliegt es, s\u00e4mtliche M\u00f6glichkeiten zu nutzen, St\u00f6rungen oder Sch\u00e4den vorzubeugen und entsprechende Vorsichtsma\u00dfnahmen zu ergreifen. Soweit uns per Email Fragen oder sonstige Nachrichten \u00fcbermittelt werden, ist haupts\u00e4chlich bei der \u00dcbermittlung sensibler Daten zu ber\u00fccksichtigen, dass es Dritten technisch m\u00f6glich sein kann, unbefugt solche Daten zu lesen oder zu ver\u00e4ndern. Sollten wir eine \u00fcber unser Internet-Kontakt-Anfrage Formular oder direkt eine E-Mail von Ihnen erhalten, so stimmen Sie damit explizit zu, dass wir mit Ihnen, bis auf Widerruf, per E-Mail kommunizieren d\u00fcrfen. Falls Sie das nicht w\u00fcnschen, m\u00fcssen Sie ausdr\u00fccklich auf eine andere Art der Kommunikation verweisen.<\/p>\n\n\n\n<p><strong>5. Domain Analyse Tools<\/strong><\/p>\n\n\n\n<p>Diese Website benutzt <strong>Google Analytics<\/strong>, einen Webanalysedienst der Google Inc. (\u201eGoogle\u201c) Google Analytics verwendet sog. \u201eCookies\u201c, Textdateien, die auf Ihrem Computer gespeichert werden und die eine Analyse der Benutzung der Website durch Sie erm\u00f6glichen. Die durch den Cookie erzeugten Informationen \u00fcber Ihre Benutzung diese Website (einschlie\u00dflich Ihrer IP-Adresse) wird an einen Server der Google in den USA \u00fcbertragen und dort gespeichert.&nbsp;Diese Informationen werden benutzt, um die Nutzung der Website auszuwerten, um Reports \u00fcber die Websiteaktivit\u00e4ten f\u00fcr die Websitebetreiber zusammenzustellen und um weitere mit der Websitenutzung und der Internetnutzung verbundene Dienstleistungen zu erbringen. Google wird diese Informationen gegebenenfalls an Dritte \u00fcbertragen, sofern dies gesetzlich vorgeschrieben ist oder soweit Dritte diese Daten im Auftrag von Google verarbeiten.&nbsp;Sie k\u00f6nnen die Installation der Cookies durch eine entsprechende Einstellung Ihrer Browser Software verhindern; wir weisen Sie jedoch darauf hin, dass Sie in diesem Fall gegebenenfalls nicht s\u00e4mtliche Funktionen dieser Website vollumf\u00e4nglich nutzen k\u00f6nnen. Durch die Nutzung dieser Website erkl\u00e4ren Sie sich mit der Bearbeitung der \u00fcber Sie erhobenen Daten durch Google in der zuvor beschriebenen Art und Weise und zu dem zuvor benannten Zweck einverstanden.\u201c<\/p>\n\n\n\n<p><strong>6. Social Media<\/strong><\/p>\n\n\n\n<p>Wir nutzen den <strong>\u201cLike-Button\u201d<\/strong> und &#8220; Teilen-Button&#8220; von facebook(dot)com. Dieser wird von Facebook Inc.,&nbsp;USA angeboten (\u201cFacebook\u201d). Im Falle, dass eine Person den \u201cGef\u00e4llt mir\u201c Button dr\u00fcckt, wird die entsprechende Mitteilung von Ihrem Browser direkt an Facebook \u00fcbertragen und erscheint dort im eigenen Account. Weitere Informationen zur Anwendung und Verwendungszweck was und wie facebook mit diesen Informationen umgeht bzw. diese gewinnt sowie Ihre diesbez\u00fcglichen Rechte und Einstellungsm\u00f6glichkeiten zum Schutz Ihrer Privatsph\u00e4re entnehmen Sie bitte den Datenschutzhinweisen von Facebook und den anderen Social Media Anbietern. \u00c4hnliche Systematiken bestehen bei den Buttons twitter, google+, linklin, xing usw.<\/p>\n\n\n\n<p><strong>7. Rechtswirksamkeit<\/strong> des Haftungsausschlusses.<\/p>\n\n\n\n<p>Der Haftungsausschluss ist als wesentliche Grundlage der von uns bereitgestellten Informationen auf diesen Web-Seiten zu verstehen. Sollten Teile oder einzelne Formulierungen des Haftungsausschlusses der geltenden Rechtslage nicht, nicht mehr oder nicht vollst\u00e4ndig entsprechen, so bleiben die \u00fcbrigen Teile des Haftungsausschlusses in ihrem Inhalt und ihrer G\u00fcltigkeit unber\u00fchrt. Unwirksame Teile sind dem verfolgten Zweck und der Rechtslage entsprechend anzuwenden. Die Nutzung dieser Inhalte und Seiten erfolgt auf eigenes Risiko. Wir haften ebenfalls nicht f\u00fcr Sch\u00e4den, die durch die Nutzung oder Anwendung von mitgeteilten Informationen bei Dritten entstehen, soweit nicht gesetzlich zwingend gehaftet wird.<\/p>\n\n\n\n<div style=\"height:153px\" aria-hidden=\"true\" class=\"wp-block-spacer\"><\/div>\n\n\n\n<h1 class=\"wp-block-heading\">Datenschutz<\/h1>\n\n\n\n<h2 class=\"wp-block-heading\">Datenschutzhinweis (DSGVO)<\/h2>\n\n\n\n<p>Der sichere Umgang mit Daten ist wichtig. Nachfolgende erl\u00e4utere ich die Handhabung und gebe gerne Auskunft dazu.<\/p>\n\n\n\n<p><strong>1. Auskunft, Sperrung, L\u00f6schung<\/strong><\/p>\n\n\n\n<p>Sie haben im Rahmen der geltenden gesetzlichen Bestimmungen jederzeit das Recht auf unentgeltliche Auskunft \u00fcber Ihre gespeicherten personenbezogenen Daten, deren Herkunft und Empf\u00e4nger und den Zweck der Datenverarbeitung und ggf. ein Recht auf Berichtigung, Sperrung oder L\u00f6schung dieser Daten. Hierzu sowie zu weiteren Fragen zum Thema personenbezogene Daten k\u00f6nnen Sie sich jederzeit unter der im Impressum angegebenen Adresse an uns wenden.<\/p>\n\n\n\n<p><strong>2. Kontaktformular<\/strong><\/p>\n\n\n\n<p>Sollten Sie uns \u00fcber unser Kontaktformular kontaktieren, werden diese Informationen aus inklusive der dort angegebenen Kontaktdaten, zum Zwecke der Bearbeitung gespeichert. Die Verarbeitung der in das Kontaktformular eingegebenen Daten erfolgt somit ausschlie\u00dflich auf Grundlage Ihrer Einwilligung (Art. 6 Abs. 1 lit. a DSGVO). Sie k\u00f6nnen diese Einwilligung jederzeit widerrufen. Dazu reicht eine formlose Mitteilung per Email an uns. Die Rechtm\u00e4\u00dfigkeit der bis zum Widerruf erfolgten Datenverarbeitungsvorg\u00e4nge bleibt vom Widerruf unber\u00fchrt. Die von Ihnen im Kontaktformular mitgeteilten Informationen werden bei uns notiert, bis Sie uns zur L\u00f6schung auffordern, bis Sie Ihre Einwilligung zur Speicherung widerrufen oder der Zweck f\u00fcr die Datenspeicherung entf\u00e4llt (z.B. nach abgeschlossener Bearbeitung Ihrer Anfrage). Zwingende gesetzliche Bestimmungen \u2013 insbesondere Aufbewahrungsfristen \u2013 bleiben unber\u00fchrt.<\/p>\n\n\n\n<p><strong>3. Kommunikation und Datenaustausch via Email und anderen Programmen<\/strong><\/p>\n\n\n\n<p>Wir weisen ausdr\u00fccklich darauf hin, dass die Daten\u00fcbertragung \u00fcber das Internet (z.B. via Email, Cloud Storage Systemen z.B. zur \u00dcbertragung gro\u00dfer Dateien u.a. oder mittels anderer Programmen und Systeme) Sicherheitsl\u00fccken aufweisen kann. Ein l\u00fcckenloser Schutz der Daten vor dem Zugriff durch Dritte ist hier nicht m\u00f6glich. Deshalb bieten wir Ihnen auch an, dass Sie uns Ihre Nachrichten und Informationen auch per Post zukommen lassen k\u00f6nnen.<\/p>\n\n\n\n<p><strong>4. Beschwerderecht bei der zust\u00e4ndigen Aufsichtsbeh\u00f6rde<\/strong><\/p>\n\n\n\n<p>Im Falle datenschutzrechtlicher Verst\u00f6\u00dfe steht dem Betroffenen ein Beschwerderecht bei der zust\u00e4ndigen Aufsichtsbeh\u00f6rde zu. Zust\u00e4ndige Aufsichtsbeh\u00f6rde in datenschutzrechtlichen Fragen ist der Landesdatenschutzbeauftragte des Bundeslandes, in dem unser Unternehmen seinen Sitz hat. Eine Liste der Datenschutzbeauftragten sowie deren Kontaktdaten k\u00f6nnen folgendem Link entnommen werden: https:\/\/www.bfdi.bund.de\/DE\/Infothek\/Anschriften_Links\/anschriften_links-node.html<\/p>\n\n\n\n<p><strong>5. Datenschutzhinweis zu Google Analytics<\/strong><\/p>\n\n\n\n<p>Diese Website benutzt Google Analytics, einen Webanalysedienst der Google Inc. (\u201eGoogle\u201c) Google Analytics verwendet sog. \u201eCookies\u201c, Textdateien, die auf Ihrem Computer gespeichert werden und die eine Analyse der Benutzung der Website durch Sie erm\u00f6glicht. Die durch den Cookie erzeugten Informationen \u00fcber Ihre Benutzung diese Website (einschlie\u00dflich Ihrer IP-Adresse) wird an einen Server der Google in den USA \u00fcbertragen und dort gespeichert. Die Rolf Popp Pro Consult GmbH wird diese Informationen benutzen, um Ihre Nutzung der Website auszuwerten, um Reports \u00fcber die Websiteaktivit\u00e4ten f\u00fcr die Websitebetreiber zusammenzustellen und um weitere mit der Websitenutzung und der Internetnutzung verbundene Dienstleistungen zu erbringen. Google wird diese Informationen gegebenenfalls an Dritte \u00fcbertragen, sofern dies gesetzlich vorgeschrieben oder soweit Dritte diese Daten im Auftrag von Google verarbeiten. Google wird in keinem Fall Ihre IP-Adresse mit anderen Daten der Google in Verbindung bringen. Sie k\u00f6nnen die Installation der Cookies durch eine entsprechende Einstellung Ihrer Browser Software verhindern; wir weisen Sie jedoch darauf hin, dass Sie in diesem Fall gegebenenfalls nicht s\u00e4mtliche Funktionen dieser Website voll umf\u00e4nglich nutzen k\u00f6nnen. Durch die Nutzung dieser Website erkl\u00e4ren Sie sich mit der Bearbeitung der \u00fcber Sie erhobenen Daten durch Google in der zuvor beschriebenen Art und Weise und zu dem zuvor benannten Zweck einverstanden.\u201c<\/p>\n<div class=\"twoclick_social_bookmarks_post_394 social_share_privacy clearfix 1.6.4 locale-de_DE sprite-de_DE\"><\/div><div class=\"twoclick-js\"><script type=\"text\/javascript\">\/* <![CDATA[ *\/\njQuery(document).ready(function($){if($('.twoclick_social_bookmarks_post_394')){$('.twoclick_social_bookmarks_post_394').socialSharePrivacy({\"services\":{\"facebook\":{\"status\":\"on\",\"txt_info\":\"2 Klicks f\\u00fcr mehr Datenschutz: Erst wenn Sie hier klicken, wird der Button aktiv und Sie k\\u00f6nnen Ihre Empfehlung an Facebook senden. Schon beim Aktivieren werden Daten an Dritte \\u00fcbertragen - siehe <em>i<\\\/em>.\",\"perma_option\":\"off\",\"action\":\"recommend\",\"language\":\"de_DE\"},\"twitter\":{\"reply_to\":\"\",\"tweet_text\":\"Impressum%20%26%20Datenschutz%20%C2%BB%20Blog%3A%20KMU%20Future%20Essentials%20mit%20Wettbewerbsvorteilen\",\"status\":\"on\",\"txt_info\":\"2 Klicks f\\u00fcr mehr Datenschutz: Erst wenn Sie hier klicken, wird der Button aktiv und Sie k\\u00f6nnen Ihre Empfehlung an Twitter senden. Schon beim Aktivieren werden Daten an Dritte \\u00fcbertragen - siehe <em>i<\\\/em>.\",\"perma_option\":\"off\",\"language\":\"de\",\"referrer_track\":\"\"},\"gplus\":{\"status\":\"on\",\"txt_info\":\"2 Klicks f\\u00fcr mehr Datenschutz: Erst wenn Sie hier klicken, wird der Button aktiv und Sie k\\u00f6nnen Ihre Empfehlung an Google+ senden. Schon beim Aktivieren werden Daten an Dritte \\u00fcbertragen - siehe <em>i<\\\/em>.\",\"perma_option\":\"off\",\"referrer_track\":\"\"},\"xing\":{\"status\":\"on\",\"txt_info\":\"2 Klicks f\\u00fcr mehr Datenschutz: Erst wenn Sie hier klicken, wird der Button aktiv und Sie k\\u00f6nnen Ihre Empfehlung an Xing senden. Schon beim Aktivieren werden Daten an Dritte \\u00fcbertragen - siehe <em>i<\\\/em>.\",\"perma_option\":\"off\",\"language\":\"de\",\"referrer_track\":\"\"}},\"txt_help\":\"Wenn Sie diese Felder durch einen Klick aktivieren, werden Informationen an Facebook, Twitter, Flattr, Xing, t3n, LinkedIn, Pinterest oder Google eventuell ins Ausland \\u00fcbertragen und unter Umst\\u00e4nden auch dort gespeichert. N\\u00e4heres erfahren Sie durch einen Klick auf das <em>i<\\\/em>.\",\"settings_perma\":\"Dauerhaft aktivieren und Daten\\u00fcber-tragung zustimmen:\",\"info_link\":\"http:\\\/\\\/www.heise.de\\\/ct\\\/artikel\\\/2-Klicks-fuer-mehr-Datenschutz-1333879.html\",\"uri\":\"https:\\\/\\\/wettbewerbsvorteile.com\\\/weblog\\\/impressum\\\/\",\"post_id\":394,\"post_title_referrer_track\":\"Impressum+%26%23038%3B+Datenschutz\",\"display_infobox\":\"on\"});}});\n\/* ]]> *\/<\/script><\/div>","protected":false},"excerpt":{"rendered":"<p>Impressum &amp; Datenschutz ROLF POPP PRO Consult GmbH Vertreten durch Dipl.-Wirtsch. Ing. (FH) Rolf Popp Burkardinerstr. 37 97234 Reichenberg\/W\u00fcrzburg Call to action Phone: 0931.70528570 Deutschland Email:&nbsp;rolf.popp(at)wettbewerbsvorteile.com Str. Nr. 257.259.13047 Inhaltlich Verantwortlicher gem\u00e4\u00df \u00a7 55 Abs. 2 RStV: Dipl.-Wirtsch. Ing. (FH) Rolf Popp (Anschrift wie oben) Verantwortlich f\u00fcr den Inhalt nach \u00a7 55 Abs. 2 RStV: [&hellip;]<\/p>\n","protected":false},"author":1,"featured_media":0,"parent":0,"menu_order":11,"comment_status":"open","ping_status":"closed","template":"","meta":{"footnotes":""},"class_list":["post-394","page","type-page","status-publish","hentry"],"yoast_head":"<!-- This site is optimized with the Yoast SEO plugin v27.4 - https:\/\/yoast.com\/product\/yoast-seo-wordpress\/ -->\n<title>Impressum &amp; Datenschutz - Blog: KMU Future Essentials mit Wettbewerbsvorteilen<\/title>\n<meta name=\"robots\" content=\"index, follow, max-snippet:-1, max-image-preview:large, max-video-preview:-1\" \/>\n<link rel=\"canonical\" href=\"https:\/\/wettbewerbsvorteile.com\/weblog\/impressum\/\" \/>\n<meta name=\"twitter:label1\" content=\"Gesch\u00e4tzte Lesezeit\" \/>\n\t<meta name=\"twitter:data1\" content=\"10\u00a0Minuten\" \/>\n<script type=\"application\/ld+json\" class=\"yoast-schema-graph\">{\"@context\":\"https:\\\/\\\/schema.org\",\"@graph\":[{\"@type\":\"WebPage\",\"@id\":\"https:\\\/\\\/wettbewerbsvorteile.com\\\/weblog\\\/impressum\\\/\",\"url\":\"https:\\\/\\\/wettbewerbsvorteile.com\\\/weblog\\\/impressum\\\/\",\"name\":\"Impressum & Datenschutz - Blog: KMU Future Essentials mit Wettbewerbsvorteilen\",\"isPartOf\":{\"@id\":\"http:\\\/\\\/wettbewerbsvorteile.com\\\/weblog\\\/#website\"},\"datePublished\":\"2013-02-12T16:30:08+00:00\",\"dateModified\":\"2026-04-01T09:24:09+00:00\",\"breadcrumb\":{\"@id\":\"https:\\\/\\\/wettbewerbsvorteile.com\\\/weblog\\\/impressum\\\/#breadcrumb\"},\"inLanguage\":\"de\",\"potentialAction\":[{\"@type\":\"ReadAction\",\"target\":[\"https:\\\/\\\/wettbewerbsvorteile.com\\\/weblog\\\/impressum\\\/\"]}]},{\"@type\":\"BreadcrumbList\",\"@id\":\"https:\\\/\\\/wettbewerbsvorteile.com\\\/weblog\\\/impressum\\\/#breadcrumb\",\"itemListElement\":[{\"@type\":\"ListItem\",\"position\":1,\"name\":\"Startseite\",\"item\":\"http:\\\/\\\/wettbewerbsvorteile.com\\\/weblog\\\/\"},{\"@type\":\"ListItem\",\"position\":2,\"name\":\"Impressum &#038; Datenschutz\"}]},{\"@type\":\"WebSite\",\"@id\":\"http:\\\/\\\/wettbewerbsvorteile.com\\\/weblog\\\/#website\",\"url\":\"http:\\\/\\\/wettbewerbsvorteile.com\\\/weblog\\\/\",\"name\":\"Wettbewerbsvorteile Faktoren Analysen Quellen\",\"description\":\"Insights mit KMU Future Experte Dipl.-Wirtsch. Ing. (FH) Rolf Popp\",\"publisher\":{\"@id\":\"http:\\\/\\\/wettbewerbsvorteile.com\\\/weblog\\\/#\\\/schema\\\/person\\\/3012b5f0bceab6e7001c632f03239c5e\"},\"potentialAction\":[{\"@type\":\"SearchAction\",\"target\":{\"@type\":\"EntryPoint\",\"urlTemplate\":\"http:\\\/\\\/wettbewerbsvorteile.com\\\/weblog\\\/?s={search_term_string}\"},\"query-input\":{\"@type\":\"PropertyValueSpecification\",\"valueRequired\":true,\"valueName\":\"search_term_string\"}}],\"inLanguage\":\"de\"},{\"@type\":[\"Person\",\"Organization\"],\"@id\":\"http:\\\/\\\/wettbewerbsvorteile.com\\\/weblog\\\/#\\\/schema\\\/person\\\/3012b5f0bceab6e7001c632f03239c5e\",\"name\":\"Rolf Popp\",\"image\":{\"@type\":\"ImageObject\",\"inLanguage\":\"de\",\"@id\":\"https:\\\/\\\/secure.gravatar.com\\\/avatar\\\/f4bd477ea5461e00f3cbea4aaf11e127b7a25278f9a68a6dc98f2359fdcb3c70?s=96&d=mm&r=g\",\"url\":\"https:\\\/\\\/secure.gravatar.com\\\/avatar\\\/f4bd477ea5461e00f3cbea4aaf11e127b7a25278f9a68a6dc98f2359fdcb3c70?s=96&d=mm&r=g\",\"contentUrl\":\"https:\\\/\\\/secure.gravatar.com\\\/avatar\\\/f4bd477ea5461e00f3cbea4aaf11e127b7a25278f9a68a6dc98f2359fdcb3c70?s=96&d=mm&r=g\",\"caption\":\"Rolf Popp\"},\"logo\":{\"@id\":\"https:\\\/\\\/secure.gravatar.com\\\/avatar\\\/f4bd477ea5461e00f3cbea4aaf11e127b7a25278f9a68a6dc98f2359fdcb3c70?s=96&d=mm&r=g\"},\"description\":\"Spezialist f\u00fcr Wettbewerbsvorteile\",\"sameAs\":[\"http:\\\/\\\/www.wettbewerbsvorteile.com\"]}]}<\/script>\n<!-- \/ Yoast SEO plugin. -->","yoast_head_json":{"title":"Impressum & Datenschutz - Blog: KMU Future Essentials mit Wettbewerbsvorteilen","robots":{"index":"index","follow":"follow","max-snippet":"max-snippet:-1","max-image-preview":"max-image-preview:large","max-video-preview":"max-video-preview:-1"},"canonical":"https:\/\/wettbewerbsvorteile.com\/weblog\/impressum\/","twitter_misc":{"Gesch\u00e4tzte Lesezeit":"10\u00a0Minuten"},"schema":{"@context":"https:\/\/schema.org","@graph":[{"@type":"WebPage","@id":"https:\/\/wettbewerbsvorteile.com\/weblog\/impressum\/","url":"https:\/\/wettbewerbsvorteile.com\/weblog\/impressum\/","name":"Impressum & Datenschutz - Blog: KMU Future Essentials mit Wettbewerbsvorteilen","isPartOf":{"@id":"http:\/\/wettbewerbsvorteile.com\/weblog\/#website"},"datePublished":"2013-02-12T16:30:08+00:00","dateModified":"2026-04-01T09:24:09+00:00","breadcrumb":{"@id":"https:\/\/wettbewerbsvorteile.com\/weblog\/impressum\/#breadcrumb"},"inLanguage":"de","potentialAction":[{"@type":"ReadAction","target":["https:\/\/wettbewerbsvorteile.com\/weblog\/impressum\/"]}]},{"@type":"BreadcrumbList","@id":"https:\/\/wettbewerbsvorteile.com\/weblog\/impressum\/#breadcrumb","itemListElement":[{"@type":"ListItem","position":1,"name":"Startseite","item":"http:\/\/wettbewerbsvorteile.com\/weblog\/"},{"@type":"ListItem","position":2,"name":"Impressum &#038; Datenschutz"}]},{"@type":"WebSite","@id":"http:\/\/wettbewerbsvorteile.com\/weblog\/#website","url":"http:\/\/wettbewerbsvorteile.com\/weblog\/","name":"Wettbewerbsvorteile Faktoren Analysen Quellen","description":"Insights mit KMU Future Experte Dipl.-Wirtsch. Ing. (FH) Rolf Popp","publisher":{"@id":"http:\/\/wettbewerbsvorteile.com\/weblog\/#\/schema\/person\/3012b5f0bceab6e7001c632f03239c5e"},"potentialAction":[{"@type":"SearchAction","target":{"@type":"EntryPoint","urlTemplate":"http:\/\/wettbewerbsvorteile.com\/weblog\/?s={search_term_string}"},"query-input":{"@type":"PropertyValueSpecification","valueRequired":true,"valueName":"search_term_string"}}],"inLanguage":"de"},{"@type":["Person","Organization"],"@id":"http:\/\/wettbewerbsvorteile.com\/weblog\/#\/schema\/person\/3012b5f0bceab6e7001c632f03239c5e","name":"Rolf Popp","image":{"@type":"ImageObject","inLanguage":"de","@id":"https:\/\/secure.gravatar.com\/avatar\/f4bd477ea5461e00f3cbea4aaf11e127b7a25278f9a68a6dc98f2359fdcb3c70?s=96&d=mm&r=g","url":"https:\/\/secure.gravatar.com\/avatar\/f4bd477ea5461e00f3cbea4aaf11e127b7a25278f9a68a6dc98f2359fdcb3c70?s=96&d=mm&r=g","contentUrl":"https:\/\/secure.gravatar.com\/avatar\/f4bd477ea5461e00f3cbea4aaf11e127b7a25278f9a68a6dc98f2359fdcb3c70?s=96&d=mm&r=g","caption":"Rolf Popp"},"logo":{"@id":"https:\/\/secure.gravatar.com\/avatar\/f4bd477ea5461e00f3cbea4aaf11e127b7a25278f9a68a6dc98f2359fdcb3c70?s=96&d=mm&r=g"},"description":"Spezialist f\u00fcr Wettbewerbsvorteile","sameAs":["http:\/\/www.wettbewerbsvorteile.com"]}]}},"_links":{"self":[{"href":"https:\/\/wettbewerbsvorteile.com\/weblog\/wp-json\/wp\/v2\/pages\/394","targetHints":{"allow":["GET"]}}],"collection":[{"href":"https:\/\/wettbewerbsvorteile.com\/weblog\/wp-json\/wp\/v2\/pages"}],"about":[{"href":"https:\/\/wettbewerbsvorteile.com\/weblog\/wp-json\/wp\/v2\/types\/page"}],"author":[{"embeddable":true,"href":"https:\/\/wettbewerbsvorteile.com\/weblog\/wp-json\/wp\/v2\/users\/1"}],"replies":[{"embeddable":true,"href":"https:\/\/wettbewerbsvorteile.com\/weblog\/wp-json\/wp\/v2\/comments?post=394"}],"version-history":[{"count":35,"href":"https:\/\/wettbewerbsvorteile.com\/weblog\/wp-json\/wp\/v2\/pages\/394\/revisions"}],"predecessor-version":[{"id":1572,"href":"https:\/\/wettbewerbsvorteile.com\/weblog\/wp-json\/wp\/v2\/pages\/394\/revisions\/1572"}],"wp:attachment":[{"href":"https:\/\/wettbewerbsvorteile.com\/weblog\/wp-json\/wp\/v2\/media?parent=394"}],"curies":[{"name":"wp","href":"https:\/\/api.w.org\/{rel}","templated":true}]}}