{"id":2,"date":"2010-10-06T09:42:10","date_gmt":"2010-10-06T09:42:10","guid":{"rendered":"http:\/\/wettbewerbsvorteile.com\/weblog\/?page_id=2"},"modified":"2026-01-04T19:54:14","modified_gmt":"2026-01-04T18:54:14","slug":"eine-seite","status":"publish","type":"page","link":"https:\/\/wettbewerbsvorteile.com\/weblog\/eine-seite\/","title":{"rendered":"Ziel des Blogs"},"content":{"rendered":"\n<p class=\"has-text-align-left\" style=\"font-size:16px\">Auf diesem Blog stelle ich Ihnen interessante und wichtige Aspekte zum Thema <strong>Unternehmensentwicklung mit <\/strong><span style=\"color: #575757;\"><strong>Wettbewerbsvorteilen<\/strong><\/span> vor. Zudem gehe ich auf den <span style=\"color: #575757;\"><strong>konkreten Nutzen<\/strong> <\/span>und die <span style=\"color: #888888;\"><strong><span style=\"color: #575757;\">praktische Anwendung<\/span> <\/strong><\/span>von einzelnen Wettbewerbsvorteilen und entsprechenden Strategien\u00a0ein.<\/p>\n\n\n\n<h3 class=\"wp-block-heading has-blue-color has-text-color has-link-color has-medium-font-size wp-elements-b4993edad6f1cb059f97f28d97b0f7b1\">Vertrauen ist der erste Schritt, Kommunikation der n\u00e4chste!<\/h3>\n\n\n\n<p class=\"has-text-align-left\" style=\"font-size:16px\">Dazu schreibe ich hier immer wieder neue Beitr\u00e4ge und nehme auch gerne weitere Themenvorschl\u00e4ge und Anregungen auf.<\/p>\n\n\n<div class=\"wp-block-image\">\n<figure class=\"aligncenter\"><a href=\"http:\/\/wettbewerbsvorteile.com\/weblog\/wp-content\/uploads\/Rolf_Popp_342x228.jpg\"><img loading=\"lazy\" decoding=\"async\" width=\"342\" height=\"228\" src=\"http:\/\/wettbewerbsvorteile.com\/weblog\/wp-content\/uploads\/Rolf_Popp_342x228.jpg\" alt=\"\" class=\"wp-image-1186\" srcset=\"https:\/\/wettbewerbsvorteile.com\/weblog\/wp-content\/uploads\/Rolf_Popp_342x228.jpg 342w, https:\/\/wettbewerbsvorteile.com\/weblog\/wp-content\/uploads\/Rolf_Popp_342x228-300x200.jpg 300w\" sizes=\"auto, (max-width: 342px) 100vw, 342px\" \/><\/a><\/figure>\n<\/div>\n\n\n<p class=\"has-text-align-center\">Dipl.-Wirtsch. Ing. (FH) Rolf Popp&nbsp;<strong>&nbsp;&nbsp;&nbsp;&nbsp;&nbsp;<\/strong><\/p>\n\n\n\n<p class=\"has-text-align-center has-blue-color has-text-color has-link-color wp-elements-17346e2b97441374d4bb6264938509d9\" style=\"font-size:16px\"><span style=\"color: #575757;\"><strong>Coach f\u00fcr KMU-Unternehmensentwicklung mit Wettbewerbsvorteilen<\/strong><\/span><\/p>\n\n\n\n<p class=\"has-text-align-center has-blue-color has-text-color has-link-color wp-elements-9fdc1709439ff11a861ccdd987e3dfbf\" style=\"font-size:14px\"><span style=\"color: #575757;\">Coaching, Analysen, Beratung, Vortr\u00e4ge, Auditierung, Stresstest<strong><br><br><\/strong><\/span><\/p>\n\n\n\n<p class=\"has-text-align-left\" style=\"font-size:16px\">Auf Ihre Anfragen zum Coaching \u201eUnternehmensentwicklung mit Wettbewerbsvorteilen\u201c freue ich mich. Ebenso bei Bedarf an einem\u00a0<strong>Vortrag<\/strong>, einem <strong>Diskussionspartner <\/strong>oder einem <strong>Workshop<\/strong>.<\/p>\n\n\n\n<p class=\"has-text-align-left\" style=\"font-size:20px\">Mit besten Gr\u00fc\u00dfen<\/p>\n\n\n\n<p class=\"has-text-align-left has-blue-color has-text-color has-link-color wp-elements-8b607bb1787617ef0b5ef3552a886e7f\"><strong>Ihr KMU-Experte f\u00fcr Unternehmensentwicklung mit Wettbewerbsvorteilen<\/strong><\/p>\n\n\n\n<p class=\"has-text-align-left\" style=\"font-size:16px\">Dipl.-Wirtsch. Ing. (FH) Rolf Popp<\/p>\n\n\n\n<p class=\"has-text-align-left has-blue-color has-text-color has-link-color wp-elements-913b079c4991296a7306ed421a8867ab\" style=\"font-size:16px\">Mobile: 0152-28947574<\/p>\n\n\n\n<p class=\"has-text-align-left has-blue-color has-text-color has-link-color wp-elements-67297610bc311db346e4ab796402a898\" style=\"font-size:16px\">Mail: &nbsp;rolf.popp(at)wettbewerbsvorteile.com<\/p>\n","protected":false},"excerpt":{"rendered":"<p>Auf diesem Blog stelle ich Ihnen interessante und wichtige Aspekte zum Thema Unternehmensentwicklung mit Wettbewerbsvorteilen vor. Zudem gehe ich auf den konkreten Nutzen und die praktische Anwendung von einzelnen Wettbewerbsvorteilen und entsprechenden Strategien\u00a0ein. Vertrauen ist der erste Schritt, Kommunikation der n\u00e4chste! Dazu schreibe ich hier immer wieder neue Beitr\u00e4ge und nehme auch gerne weitere Themenvorschl\u00e4ge [&hellip;]<\/p>\n","protected":false},"author":1,"featured_media":0,"parent":0,"menu_order":1,"comment_status":"open","ping_status":"open","template":"","meta":{"footnotes":""},"class_list":["post-2","page","type-page","status-publish","hentry"],"yoast_head":"<!-- This site is optimized with the Yoast SEO plugin v27.4 - https:\/\/yoast.com\/product\/yoast-seo-wordpress\/ -->\n<title>Ziel des Blogs - Blog: KMU Future Essentials mit Wettbewerbsvorteilen<\/title>\n<meta name=\"robots\" content=\"index, follow, max-snippet:-1, max-image-preview:large, max-video-preview:-1\" \/>\n<link rel=\"canonical\" href=\"https:\/\/wettbewerbsvorteile.com\/weblog\/eine-seite\/\" \/>\n<meta name=\"twitter:label1\" content=\"Gesch\u00e4tzte Lesezeit\" \/>\n\t<meta name=\"twitter:data1\" content=\"1\u00a0Minute\" \/>\n<script type=\"application\/ld+json\" class=\"yoast-schema-graph\">{\"@context\":\"https:\\\/\\\/schema.org\",\"@graph\":[{\"@type\":\"WebPage\",\"@id\":\"https:\\\/\\\/wettbewerbsvorteile.com\\\/weblog\\\/eine-seite\\\/\",\"url\":\"https:\\\/\\\/wettbewerbsvorteile.com\\\/weblog\\\/eine-seite\\\/\",\"name\":\"Ziel des Blogs - Blog: KMU Future Essentials mit Wettbewerbsvorteilen\",\"isPartOf\":{\"@id\":\"http:\\\/\\\/wettbewerbsvorteile.com\\\/weblog\\\/#website\"},\"primaryImageOfPage\":{\"@id\":\"https:\\\/\\\/wettbewerbsvorteile.com\\\/weblog\\\/eine-seite\\\/#primaryimage\"},\"image\":{\"@id\":\"https:\\\/\\\/wettbewerbsvorteile.com\\\/weblog\\\/eine-seite\\\/#primaryimage\"},\"thumbnailUrl\":\"http:\\\/\\\/wettbewerbsvorteile.com\\\/weblog\\\/wp-content\\\/uploads\\\/Rolf_Popp_342x228.jpg\",\"datePublished\":\"2010-10-06T09:42:10+00:00\",\"dateModified\":\"2026-01-04T18:54:14+00:00\",\"breadcrumb\":{\"@id\":\"https:\\\/\\\/wettbewerbsvorteile.com\\\/weblog\\\/eine-seite\\\/#breadcrumb\"},\"inLanguage\":\"de\",\"potentialAction\":[{\"@type\":\"ReadAction\",\"target\":[\"https:\\\/\\\/wettbewerbsvorteile.com\\\/weblog\\\/eine-seite\\\/\"]}]},{\"@type\":\"ImageObject\",\"inLanguage\":\"de\",\"@id\":\"https:\\\/\\\/wettbewerbsvorteile.com\\\/weblog\\\/eine-seite\\\/#primaryimage\",\"url\":\"https:\\\/\\\/wettbewerbsvorteile.com\\\/weblog\\\/wp-content\\\/uploads\\\/Rolf_Popp_342x228.jpg\",\"contentUrl\":\"https:\\\/\\\/wettbewerbsvorteile.com\\\/weblog\\\/wp-content\\\/uploads\\\/Rolf_Popp_342x228.jpg\",\"width\":342,\"height\":228},{\"@type\":\"BreadcrumbList\",\"@id\":\"https:\\\/\\\/wettbewerbsvorteile.com\\\/weblog\\\/eine-seite\\\/#breadcrumb\",\"itemListElement\":[{\"@type\":\"ListItem\",\"position\":1,\"name\":\"Startseite\",\"item\":\"http:\\\/\\\/wettbewerbsvorteile.com\\\/weblog\\\/\"},{\"@type\":\"ListItem\",\"position\":2,\"name\":\"Ziel des Blogs\"}]},{\"@type\":\"WebSite\",\"@id\":\"http:\\\/\\\/wettbewerbsvorteile.com\\\/weblog\\\/#website\",\"url\":\"http:\\\/\\\/wettbewerbsvorteile.com\\\/weblog\\\/\",\"name\":\"Wettbewerbsvorteile Faktoren Analysen Quellen\",\"description\":\"Insights mit KMU Future Experte Dipl.-Wirtsch. Ing. (FH) Rolf Popp\",\"publisher\":{\"@id\":\"http:\\\/\\\/wettbewerbsvorteile.com\\\/weblog\\\/#\\\/schema\\\/person\\\/3012b5f0bceab6e7001c632f03239c5e\"},\"potentialAction\":[{\"@type\":\"SearchAction\",\"target\":{\"@type\":\"EntryPoint\",\"urlTemplate\":\"http:\\\/\\\/wettbewerbsvorteile.com\\\/weblog\\\/?s={search_term_string}\"},\"query-input\":{\"@type\":\"PropertyValueSpecification\",\"valueRequired\":true,\"valueName\":\"search_term_string\"}}],\"inLanguage\":\"de\"},{\"@type\":[\"Person\",\"Organization\"],\"@id\":\"http:\\\/\\\/wettbewerbsvorteile.com\\\/weblog\\\/#\\\/schema\\\/person\\\/3012b5f0bceab6e7001c632f03239c5e\",\"name\":\"Rolf Popp\",\"image\":{\"@type\":\"ImageObject\",\"inLanguage\":\"de\",\"@id\":\"https:\\\/\\\/secure.gravatar.com\\\/avatar\\\/f4bd477ea5461e00f3cbea4aaf11e127b7a25278f9a68a6dc98f2359fdcb3c70?s=96&d=mm&r=g\",\"url\":\"https:\\\/\\\/secure.gravatar.com\\\/avatar\\\/f4bd477ea5461e00f3cbea4aaf11e127b7a25278f9a68a6dc98f2359fdcb3c70?s=96&d=mm&r=g\",\"contentUrl\":\"https:\\\/\\\/secure.gravatar.com\\\/avatar\\\/f4bd477ea5461e00f3cbea4aaf11e127b7a25278f9a68a6dc98f2359fdcb3c70?s=96&d=mm&r=g\",\"caption\":\"Rolf Popp\"},\"logo\":{\"@id\":\"https:\\\/\\\/secure.gravatar.com\\\/avatar\\\/f4bd477ea5461e00f3cbea4aaf11e127b7a25278f9a68a6dc98f2359fdcb3c70?s=96&d=mm&r=g\"},\"description\":\"Spezialist f\u00fcr Wettbewerbsvorteile\",\"sameAs\":[\"http:\\\/\\\/www.wettbewerbsvorteile.com\"]}]}<\/script>\n<!-- \/ Yoast SEO plugin. -->","yoast_head_json":{"title":"Ziel des Blogs - Blog: KMU Future Essentials mit Wettbewerbsvorteilen","robots":{"index":"index","follow":"follow","max-snippet":"max-snippet:-1","max-image-preview":"max-image-preview:large","max-video-preview":"max-video-preview:-1"},"canonical":"https:\/\/wettbewerbsvorteile.com\/weblog\/eine-seite\/","twitter_misc":{"Gesch\u00e4tzte Lesezeit":"1\u00a0Minute"},"schema":{"@context":"https:\/\/schema.org","@graph":[{"@type":"WebPage","@id":"https:\/\/wettbewerbsvorteile.com\/weblog\/eine-seite\/","url":"https:\/\/wettbewerbsvorteile.com\/weblog\/eine-seite\/","name":"Ziel des Blogs - Blog: KMU Future Essentials mit Wettbewerbsvorteilen","isPartOf":{"@id":"http:\/\/wettbewerbsvorteile.com\/weblog\/#website"},"primaryImageOfPage":{"@id":"https:\/\/wettbewerbsvorteile.com\/weblog\/eine-seite\/#primaryimage"},"image":{"@id":"https:\/\/wettbewerbsvorteile.com\/weblog\/eine-seite\/#primaryimage"},"thumbnailUrl":"http:\/\/wettbewerbsvorteile.com\/weblog\/wp-content\/uploads\/Rolf_Popp_342x228.jpg","datePublished":"2010-10-06T09:42:10+00:00","dateModified":"2026-01-04T18:54:14+00:00","breadcrumb":{"@id":"https:\/\/wettbewerbsvorteile.com\/weblog\/eine-seite\/#breadcrumb"},"inLanguage":"de","potentialAction":[{"@type":"ReadAction","target":["https:\/\/wettbewerbsvorteile.com\/weblog\/eine-seite\/"]}]},{"@type":"ImageObject","inLanguage":"de","@id":"https:\/\/wettbewerbsvorteile.com\/weblog\/eine-seite\/#primaryimage","url":"https:\/\/wettbewerbsvorteile.com\/weblog\/wp-content\/uploads\/Rolf_Popp_342x228.jpg","contentUrl":"https:\/\/wettbewerbsvorteile.com\/weblog\/wp-content\/uploads\/Rolf_Popp_342x228.jpg","width":342,"height":228},{"@type":"BreadcrumbList","@id":"https:\/\/wettbewerbsvorteile.com\/weblog\/eine-seite\/#breadcrumb","itemListElement":[{"@type":"ListItem","position":1,"name":"Startseite","item":"http:\/\/wettbewerbsvorteile.com\/weblog\/"},{"@type":"ListItem","position":2,"name":"Ziel des Blogs"}]},{"@type":"WebSite","@id":"http:\/\/wettbewerbsvorteile.com\/weblog\/#website","url":"http:\/\/wettbewerbsvorteile.com\/weblog\/","name":"Wettbewerbsvorteile Faktoren Analysen Quellen","description":"Insights mit KMU Future Experte Dipl.-Wirtsch. Ing. (FH) Rolf Popp","publisher":{"@id":"http:\/\/wettbewerbsvorteile.com\/weblog\/#\/schema\/person\/3012b5f0bceab6e7001c632f03239c5e"},"potentialAction":[{"@type":"SearchAction","target":{"@type":"EntryPoint","urlTemplate":"http:\/\/wettbewerbsvorteile.com\/weblog\/?s={search_term_string}"},"query-input":{"@type":"PropertyValueSpecification","valueRequired":true,"valueName":"search_term_string"}}],"inLanguage":"de"},{"@type":["Person","Organization"],"@id":"http:\/\/wettbewerbsvorteile.com\/weblog\/#\/schema\/person\/3012b5f0bceab6e7001c632f03239c5e","name":"Rolf Popp","image":{"@type":"ImageObject","inLanguage":"de","@id":"https:\/\/secure.gravatar.com\/avatar\/f4bd477ea5461e00f3cbea4aaf11e127b7a25278f9a68a6dc98f2359fdcb3c70?s=96&d=mm&r=g","url":"https:\/\/secure.gravatar.com\/avatar\/f4bd477ea5461e00f3cbea4aaf11e127b7a25278f9a68a6dc98f2359fdcb3c70?s=96&d=mm&r=g","contentUrl":"https:\/\/secure.gravatar.com\/avatar\/f4bd477ea5461e00f3cbea4aaf11e127b7a25278f9a68a6dc98f2359fdcb3c70?s=96&d=mm&r=g","caption":"Rolf Popp"},"logo":{"@id":"https:\/\/secure.gravatar.com\/avatar\/f4bd477ea5461e00f3cbea4aaf11e127b7a25278f9a68a6dc98f2359fdcb3c70?s=96&d=mm&r=g"},"description":"Spezialist f\u00fcr Wettbewerbsvorteile","sameAs":["http:\/\/www.wettbewerbsvorteile.com"]}]}},"_links":{"self":[{"href":"https:\/\/wettbewerbsvorteile.com\/weblog\/wp-json\/wp\/v2\/pages\/2","targetHints":{"allow":["GET"]}}],"collection":[{"href":"https:\/\/wettbewerbsvorteile.com\/weblog\/wp-json\/wp\/v2\/pages"}],"about":[{"href":"https:\/\/wettbewerbsvorteile.com\/weblog\/wp-json\/wp\/v2\/types\/page"}],"author":[{"embeddable":true,"href":"https:\/\/wettbewerbsvorteile.com\/weblog\/wp-json\/wp\/v2\/users\/1"}],"replies":[{"embeddable":true,"href":"https:\/\/wettbewerbsvorteile.com\/weblog\/wp-json\/wp\/v2\/comments?post=2"}],"version-history":[{"count":46,"href":"https:\/\/wettbewerbsvorteile.com\/weblog\/wp-json\/wp\/v2\/pages\/2\/revisions"}],"predecessor-version":[{"id":1533,"href":"https:\/\/wettbewerbsvorteile.com\/weblog\/wp-json\/wp\/v2\/pages\/2\/revisions\/1533"}],"wp:attachment":[{"href":"https:\/\/wettbewerbsvorteile.com\/weblog\/wp-json\/wp\/v2\/media?parent=2"}],"curies":[{"name":"wp","href":"https:\/\/api.w.org\/{rel}","templated":true}]}}